{"id":70690,"date":"2023-01-17T12:03:40","date_gmt":"2023-01-17T11:03:40","guid":{"rendered":"https:\/\/www.mas-office.com\/?page_id=70690"},"modified":"2023-06-14T12:04:21","modified_gmt":"2023-06-14T10:04:21","slug":"estorage","status":"publish","type":"page","link":"https:\/\/www.mas-office.com\/fr\/productos\/oficina-office\/estorage\/","title":{"rendered":"eStorage"},"content":{"rendered":"<section class=\"l-section wpb_row height_large\"><div class=\"l-section-h i-cf\"><div class=\"g-cols vc_row via_flex valign_top type_default stacking_default\"><div class=\"vc_col-sm-12 wpb_column vc_column_container\"><div class=\"vc_column-inner\"><div class=\"wpb_wrapper\"><div class=\"g-cols wpb_row via_flex valign_middle type_default stacking_default\"><div class=\"vc_col-sm-2 wpb_column vc_column_container\"><div class=\"vc_column-inner\"><div class=\"wpb_wrapper\"><\/div><\/div><\/div><div class=\"vc_col-sm-8 wpb_column vc_column_container\"><div class=\"vc_column-inner\"><div class=\"wpb_wrapper\"><div class=\"wpb_text_column\"><div class=\"wpb_wrapper\"><h1 style=\"text-align: center;\"><strong>eStorage<\/strong> est notre gamme de casiers pour des installations uniques<\/h1>\n<\/div><\/div><\/div><\/div><\/div><div class=\"vc_col-sm-2 wpb_column vc_column_container\"><div class=\"vc_column-inner\"><div class=\"wpb_wrapper\"><\/div><\/div><\/div><\/div><div class=\"w-separator size_large\"><\/div><div class=\"g-cols wpb_row us_custom_82c0f2bf via_flex valign_top type_default stacking_default\"><div class=\"vc_col-sm-4 wpb_column vc_column_container\"><div class=\"vc_column-inner us_custom_b6a72ce1\"><div class=\"wpb_wrapper\"><div class=\"w-grid us_grid type_grid layout_70692 cols_1 preload_style_spinner ratio_1x1\" id=\"us_grid_10\" style=\"--columns:1;--gap:0rem;--item-ratio:1;\"><div class=\"w-grid-list\">\t<article class=\"w-grid-item size_1x1 post-70708 us_portfolio type-us_portfolio status-publish has-post-thumbnail hentry us_portfolio_category-estorage us_portfolio_category-oficina-office\" data-id=\"70708\">\r\n\t\t<div class=\"w-grid-item-h\">\r\n\t\t\t\t\t\t\t<a href=\"https:\/\/www.mas-office.com\/fr\/catalogo\/frame\/\" class=\"w-grid-item-anchor\" aria-label=\"Frame\"><\/a>\r\n\t\t\t\t\t\t<div class=\"w-vwrapper usg_vwrapper_1 align_none valign_top\" style=\"--vwrapper-gap:0.1rem\"><h2 class=\"w-post-elm post_title usg_post_title_1 has_text_color align_center entry-title color_link_inherit\">Frame<\/h2><\/div><div class=\"w-post-elm post_image usg_post_image_1 stretched\"><img loading=\"lazy\" decoding=\"async\" width=\"1080\" height=\"1080\" src=\"https:\/\/www.mas-office.com\/wp-content\/uploads\/2023\/01\/eStorage-Frame-A.jpg\" class=\"attachment-full size-full wp-post-image\" alt=\"\" srcset=\"https:\/\/www.mas-office.com\/wp-content\/uploads\/2023\/01\/eStorage-Frame-A.jpg 1080w, https:\/\/www.mas-office.com\/wp-content\/uploads\/2023\/01\/eStorage-Frame-A-300x300.jpg 300w, https:\/\/www.mas-office.com\/wp-content\/uploads\/2023\/01\/eStorage-Frame-A-1024x1024.jpg 1024w, https:\/\/www.mas-office.com\/wp-content\/uploads\/2023\/01\/eStorage-Frame-A-150x150.jpg 150w, https:\/\/www.mas-office.com\/wp-content\/uploads\/2023\/01\/eStorage-Frame-A-350x350.jpg 350w, https:\/\/www.mas-office.com\/wp-content\/uploads\/2023\/01\/eStorage-Frame-A-600x600.jpg 600w, https:\/\/www.mas-office.com\/wp-content\/uploads\/2023\/01\/eStorage-Frame-A-768x768.jpg 768w\" sizes=\"auto, (max-width: 1080px) 100vw, 1080px\" \/><\/div><div class=\"w-post-elm post_custom_field usg_post_custom_field_1 type_image us_tile_additional_image color_link_inherit\"><img loading=\"lazy\" decoding=\"async\" width=\"1080\" height=\"1080\" src=\"https:\/\/www.mas-office.com\/wp-content\/uploads\/2023\/01\/eStorage-Frame-B.jpg\" class=\"attachment-full size-full\" alt=\"\" srcset=\"https:\/\/www.mas-office.com\/wp-content\/uploads\/2023\/01\/eStorage-Frame-B.jpg 1080w, https:\/\/www.mas-office.com\/wp-content\/uploads\/2023\/01\/eStorage-Frame-B-300x300.jpg 300w, https:\/\/www.mas-office.com\/wp-content\/uploads\/2023\/01\/eStorage-Frame-B-1024x1024.jpg 1024w, https:\/\/www.mas-office.com\/wp-content\/uploads\/2023\/01\/eStorage-Frame-B-150x150.jpg 150w, https:\/\/www.mas-office.com\/wp-content\/uploads\/2023\/01\/eStorage-Frame-B-350x350.jpg 350w, https:\/\/www.mas-office.com\/wp-content\/uploads\/2023\/01\/eStorage-Frame-B-600x600.jpg 600w, https:\/\/www.mas-office.com\/wp-content\/uploads\/2023\/01\/eStorage-Frame-B-768x768.jpg 768w\" sizes=\"auto, (max-width: 1080px) 100vw, 1080px\" \/><\/div>\t\t<\/div>\r\n\t\t\t<\/article>\r\n<\/div>\t<div class=\"w-grid-preloader\">\r\n\t\t<div class=\"g-preloader type_1\">\r\n\t\t\t<div><\/div>\r\n\t\t<\/div>\r\n\t<\/div>\r\n\t\t<div class=\"w-grid-json hidden\" onclick='return {&quot;action&quot;:&quot;us_ajax_grid&quot;,&quot;infinite_scroll&quot;:0,&quot;max_num_pages&quot;:1,&quot;pagination&quot;:&quot;none&quot;,&quot;template_vars&quot;:{&quot;columns&quot;:&quot;1&quot;,&quot;exclude_items&quot;:&quot;none&quot;,&quot;img_size&quot;:&quot;default&quot;,&quot;ignore_items_size&quot;:0,&quot;items_layout&quot;:&quot;70692&quot;,&quot;items_offset&quot;:&quot;1&quot;,&quot;load_animation&quot;:&quot;none&quot;,&quot;overriding_link&quot;:&quot;%7B%22type%22%3A%22post%22%7D&quot;,&quot;post_id&quot;:0,&quot;query_args&quot;:{&quot;ignore_sticky_posts&quot;:1,&quot;post_type&quot;:&quot;any&quot;,&quot;post__in&quot;:[&quot;19&quot;,&quot;70708&quot;],&quot;posts_per_page&quot;:999},&quot;orderby_query_args&quot;:{&quot;orderby&quot;:{&quot;post__in&quot;:&quot;ASC&quot;},&quot;order&quot;:&quot;ASC&quot;},&quot;type&quot;:&quot;grid&quot;,&quot;us_grid_post_type&quot;:&quot;ids&quot;,&quot;us_grid_ajax_index&quot;:10,&quot;us_grid_filter_query_string&quot;:null,&quot;us_grid_index&quot;:10,&quot;page_args&quot;:[]}}'><\/div>\r\n\t<\/div><\/div><\/div><\/div><div class=\"vc_col-sm-4 wpb_column vc_column_container\"><div class=\"vc_column-inner us_custom_b6a72ce1\"><div class=\"wpb_wrapper\"><div class=\"w-grid us_grid type_grid layout_70692 cols_1 preload_style_spinner ratio_1x1\" id=\"us_grid_11\" style=\"--columns:1;--gap:0rem;--item-ratio:1;\"><div class=\"w-grid-list\">\t<article class=\"w-grid-item size_1x1 post-70730 us_portfolio type-us_portfolio status-publish has-post-thumbnail hentry us_portfolio_category-estorage us_portfolio_category-oficina-office\" data-id=\"70730\">\r\n\t\t<div class=\"w-grid-item-h\">\r\n\t\t\t\t\t\t\t<a href=\"https:\/\/www.mas-office.com\/fr\/catalogo\/compact\/\" class=\"w-grid-item-anchor\" aria-label=\"Compact\"><\/a>\r\n\t\t\t\t\t\t<div class=\"w-vwrapper usg_vwrapper_1 align_none valign_top\" style=\"--vwrapper-gap:0.1rem\"><h2 class=\"w-post-elm post_title usg_post_title_1 has_text_color align_center entry-title color_link_inherit\">Compact<\/h2><\/div><div class=\"w-post-elm post_image usg_post_image_1 stretched\"><img loading=\"lazy\" decoding=\"async\" width=\"1080\" height=\"1080\" src=\"https:\/\/www.mas-office.com\/wp-content\/uploads\/2023\/01\/eStorage-Compact-A.jpg\" class=\"attachment-full size-full wp-post-image\" alt=\"\" srcset=\"https:\/\/www.mas-office.com\/wp-content\/uploads\/2023\/01\/eStorage-Compact-A.jpg 1080w, https:\/\/www.mas-office.com\/wp-content\/uploads\/2023\/01\/eStorage-Compact-A-300x300.jpg 300w, https:\/\/www.mas-office.com\/wp-content\/uploads\/2023\/01\/eStorage-Compact-A-1024x1024.jpg 1024w, https:\/\/www.mas-office.com\/wp-content\/uploads\/2023\/01\/eStorage-Compact-A-150x150.jpg 150w, https:\/\/www.mas-office.com\/wp-content\/uploads\/2023\/01\/eStorage-Compact-A-350x350.jpg 350w, https:\/\/www.mas-office.com\/wp-content\/uploads\/2023\/01\/eStorage-Compact-A-600x600.jpg 600w, https:\/\/www.mas-office.com\/wp-content\/uploads\/2023\/01\/eStorage-Compact-A-768x768.jpg 768w\" sizes=\"auto, (max-width: 1080px) 100vw, 1080px\" \/><\/div><div class=\"w-post-elm post_custom_field usg_post_custom_field_1 type_image us_tile_additional_image color_link_inherit\"><img loading=\"lazy\" decoding=\"async\" width=\"1080\" height=\"1080\" src=\"https:\/\/www.mas-office.com\/wp-content\/uploads\/2023\/01\/eStorage-Compact-B.jpg\" class=\"attachment-full size-full\" alt=\"\" srcset=\"https:\/\/www.mas-office.com\/wp-content\/uploads\/2023\/01\/eStorage-Compact-B.jpg 1080w, https:\/\/www.mas-office.com\/wp-content\/uploads\/2023\/01\/eStorage-Compact-B-300x300.jpg 300w, https:\/\/www.mas-office.com\/wp-content\/uploads\/2023\/01\/eStorage-Compact-B-1024x1024.jpg 1024w, https:\/\/www.mas-office.com\/wp-content\/uploads\/2023\/01\/eStorage-Compact-B-150x150.jpg 150w, https:\/\/www.mas-office.com\/wp-content\/uploads\/2023\/01\/eStorage-Compact-B-350x350.jpg 350w, https:\/\/www.mas-office.com\/wp-content\/uploads\/2023\/01\/eStorage-Compact-B-600x600.jpg 600w, https:\/\/www.mas-office.com\/wp-content\/uploads\/2023\/01\/eStorage-Compact-B-768x768.jpg 768w\" sizes=\"auto, (max-width: 1080px) 100vw, 1080px\" \/><\/div>\t\t<\/div>\r\n\t\t\t<\/article>\r\n<\/div>\t<div class=\"w-grid-preloader\">\r\n\t\t<div class=\"g-preloader type_1\">\r\n\t\t\t<div><\/div>\r\n\t\t<\/div>\r\n\t<\/div>\r\n\t\t<div class=\"w-grid-json hidden\" onclick='return {&quot;action&quot;:&quot;us_ajax_grid&quot;,&quot;infinite_scroll&quot;:0,&quot;max_num_pages&quot;:1,&quot;pagination&quot;:&quot;none&quot;,&quot;template_vars&quot;:{&quot;columns&quot;:&quot;1&quot;,&quot;exclude_items&quot;:&quot;none&quot;,&quot;img_size&quot;:&quot;default&quot;,&quot;ignore_items_size&quot;:0,&quot;items_layout&quot;:&quot;70692&quot;,&quot;items_offset&quot;:&quot;1&quot;,&quot;load_animation&quot;:&quot;none&quot;,&quot;overriding_link&quot;:&quot;%7B%22type%22%3A%22post%22%7D&quot;,&quot;post_id&quot;:0,&quot;query_args&quot;:{&quot;ignore_sticky_posts&quot;:1,&quot;post_type&quot;:&quot;any&quot;,&quot;post__in&quot;:[&quot;21&quot;,&quot;70730&quot;],&quot;posts_per_page&quot;:999},&quot;orderby_query_args&quot;:{&quot;orderby&quot;:{&quot;post__in&quot;:&quot;ASC&quot;},&quot;order&quot;:&quot;ASC&quot;},&quot;type&quot;:&quot;grid&quot;,&quot;us_grid_post_type&quot;:&quot;ids&quot;,&quot;us_grid_ajax_index&quot;:11,&quot;us_grid_filter_query_string&quot;:null,&quot;us_grid_index&quot;:11,&quot;page_args&quot;:[]}}'><\/div>\r\n\t<\/div><\/div><\/div><\/div><div class=\"vc_col-sm-4 wpb_column vc_column_container\"><div class=\"vc_column-inner us_custom_b6a72ce1\"><div class=\"wpb_wrapper\"><div class=\"w-grid us_grid type_grid layout_70692 cols_1 preload_style_spinner ratio_1x1\" id=\"us_grid_12\" style=\"--columns:1;--gap:0rem;--item-ratio:1;\"><div class=\"w-grid-list\">\t<article class=\"w-grid-item size_1x1 post-70749 us_portfolio type-us_portfolio status-publish has-post-thumbnail hentry us_portfolio_category-estorage us_portfolio_category-oficina-office\" data-id=\"70749\">\r\n\t\t<div class=\"w-grid-item-h\">\r\n\t\t\t\t\t\t\t<a href=\"https:\/\/www.mas-office.com\/fr\/catalogo\/fenolic\/\" class=\"w-grid-item-anchor\" aria-label=\"Fenolic\"><\/a>\r\n\t\t\t\t\t\t<div class=\"w-vwrapper usg_vwrapper_1 align_none valign_top\" style=\"--vwrapper-gap:0.1rem\"><h2 class=\"w-post-elm post_title usg_post_title_1 has_text_color align_center entry-title color_link_inherit\">Fenolic<\/h2><\/div><div class=\"w-post-elm post_image usg_post_image_1 stretched\"><img loading=\"lazy\" decoding=\"async\" width=\"1080\" height=\"1080\" src=\"https:\/\/www.mas-office.com\/wp-content\/uploads\/2023\/01\/eStorage-Fenolic-A.jpg\" class=\"attachment-full size-full wp-post-image\" alt=\"\" srcset=\"https:\/\/www.mas-office.com\/wp-content\/uploads\/2023\/01\/eStorage-Fenolic-A.jpg 1080w, https:\/\/www.mas-office.com\/wp-content\/uploads\/2023\/01\/eStorage-Fenolic-A-300x300.jpg 300w, https:\/\/www.mas-office.com\/wp-content\/uploads\/2023\/01\/eStorage-Fenolic-A-1024x1024.jpg 1024w, https:\/\/www.mas-office.com\/wp-content\/uploads\/2023\/01\/eStorage-Fenolic-A-150x150.jpg 150w, https:\/\/www.mas-office.com\/wp-content\/uploads\/2023\/01\/eStorage-Fenolic-A-350x350.jpg 350w, https:\/\/www.mas-office.com\/wp-content\/uploads\/2023\/01\/eStorage-Fenolic-A-600x600.jpg 600w, https:\/\/www.mas-office.com\/wp-content\/uploads\/2023\/01\/eStorage-Fenolic-A-768x768.jpg 768w\" sizes=\"auto, (max-width: 1080px) 100vw, 1080px\" \/><\/div><div class=\"w-post-elm post_custom_field usg_post_custom_field_1 type_image us_tile_additional_image color_link_inherit\"><img loading=\"lazy\" decoding=\"async\" width=\"1080\" height=\"1080\" src=\"https:\/\/www.mas-office.com\/wp-content\/uploads\/2023\/01\/eStorage-Fenolic-B.jpg\" class=\"attachment-full size-full\" alt=\"\" srcset=\"https:\/\/www.mas-office.com\/wp-content\/uploads\/2023\/01\/eStorage-Fenolic-B.jpg 1080w, https:\/\/www.mas-office.com\/wp-content\/uploads\/2023\/01\/eStorage-Fenolic-B-300x300.jpg 300w, https:\/\/www.mas-office.com\/wp-content\/uploads\/2023\/01\/eStorage-Fenolic-B-1024x1024.jpg 1024w, https:\/\/www.mas-office.com\/wp-content\/uploads\/2023\/01\/eStorage-Fenolic-B-150x150.jpg 150w, https:\/\/www.mas-office.com\/wp-content\/uploads\/2023\/01\/eStorage-Fenolic-B-350x350.jpg 350w, https:\/\/www.mas-office.com\/wp-content\/uploads\/2023\/01\/eStorage-Fenolic-B-600x600.jpg 600w, https:\/\/www.mas-office.com\/wp-content\/uploads\/2023\/01\/eStorage-Fenolic-B-768x768.jpg 768w\" sizes=\"auto, (max-width: 1080px) 100vw, 1080px\" \/><\/div>\t\t<\/div>\r\n\t\t\t<\/article>\r\n<\/div>\t<div class=\"w-grid-preloader\">\r\n\t\t<div class=\"g-preloader type_1\">\r\n\t\t\t<div><\/div>\r\n\t\t<\/div>\r\n\t<\/div>\r\n\t\t<div class=\"w-grid-json hidden\" onclick='return {&quot;action&quot;:&quot;us_ajax_grid&quot;,&quot;infinite_scroll&quot;:0,&quot;max_num_pages&quot;:1,&quot;pagination&quot;:&quot;none&quot;,&quot;template_vars&quot;:{&quot;columns&quot;:&quot;1&quot;,&quot;exclude_items&quot;:&quot;none&quot;,&quot;img_size&quot;:&quot;default&quot;,&quot;ignore_items_size&quot;:0,&quot;items_layout&quot;:&quot;70692&quot;,&quot;items_offset&quot;:&quot;1&quot;,&quot;load_animation&quot;:&quot;none&quot;,&quot;overriding_link&quot;:&quot;%7B%22type%22%3A%22post%22%7D&quot;,&quot;post_id&quot;:0,&quot;query_args&quot;:{&quot;ignore_sticky_posts&quot;:1,&quot;post_type&quot;:&quot;any&quot;,&quot;post__in&quot;:[&quot;23&quot;,&quot;70749&quot;],&quot;posts_per_page&quot;:999},&quot;orderby_query_args&quot;:{&quot;orderby&quot;:{&quot;post__in&quot;:&quot;ASC&quot;},&quot;order&quot;:&quot;ASC&quot;},&quot;type&quot;:&quot;grid&quot;,&quot;us_grid_post_type&quot;:&quot;ids&quot;,&quot;us_grid_ajax_index&quot;:12,&quot;us_grid_filter_query_string&quot;:null,&quot;us_grid_index&quot;:12,&quot;page_args&quot;:[]}}'><\/div>\r\n\t<\/div><\/div><\/div><\/div><\/div><\/div><\/div><\/div><\/div><\/div><\/section><section class=\"l-section wpb_row height_huge width_full with_img parallax_ver\"><div class=\"l-section-img\" role=\"img\" aria-label=\"Image\" data-img-width=\"1920\" data-img-height=\"1080\" style=\"background-image: url(https:\/\/www.mas-office.com\/wp-content\/uploads\/2023\/01\/eStorage_slider-02.jpg);background-repeat: no-repeat;\"><\/div><div class=\"l-section-h i-cf\"><div class=\"g-cols vc_row via_flex valign_top type_default stacking_default\"><div class=\"vc_col-sm-12 wpb_column vc_column_container\"><div class=\"vc_column-inner\"><div class=\"wpb_wrapper\"><div class=\"w-separator size_custom\" style=\"height:35vh\"><\/div><div class=\"g-cols wpb_row via_flex valign_middle type_default stacking_default\"><div class=\"vc_col-sm-2 wpb_column vc_column_container\"><div class=\"vc_column-inner\"><div class=\"wpb_wrapper\"><\/div><\/div><\/div><div class=\"vc_col-sm-8 wpb_column vc_column_container\"><div class=\"vc_column-inner\"><div class=\"wpb_wrapper\"><h1 class=\"w-text us_custom_40c523d3 has_text_color\"><span class=\"w-text-h\"><span class=\"w-text-value\">Welcome to a new storage install design concept<\/span><\/span><\/h1><\/div><\/div><\/div><div class=\"vc_col-sm-2 wpb_column vc_column_container\"><div class=\"vc_column-inner\"><div class=\"wpb_wrapper\"><\/div><\/div><\/div><\/div><div class=\"w-separator size_custom\" style=\"height:35vh\"><\/div><\/div><\/div><\/div><\/div><\/div><\/section><section class=\"l-section wpb_row height_auto width_full\"><div class=\"l-section-h i-cf\"><div class=\"g-cols vc_row via_flex valign_middle type_default stacking_default\"><div class=\"vc_col-sm-6 wpb_column vc_column_container has_bg_color\"><div class=\"vc_column-inner us_custom_a8d3c7cf\"><div class=\"wpb_wrapper\"><div class=\"w-separator size_custom\" style=\"height:40vh\"><\/div><h1 class=\"w-text us_custom_ef4cd8dc has_text_color\"><span class=\"w-text-h\"><span class=\"w-text-value\">#custom_project<\/span><\/span><\/h1><\/div><\/div><\/div><div class=\"vc_col-sm-6 wpb_column vc_column_container\"><div class=\"vc_column-inner\"><div class=\"wpb_wrapper\"><div class=\"g-cols wpb_row us_custom_641f57f3 via_flex valign_top type_default stacking_default\"><div class=\"vc_col-sm-12 wpb_column vc_column_container\"><div class=\"vc_column-inner\"><div class=\"wpb_wrapper\"><div class=\"w-separator size_custom\" style=\"height:35vh\"><\/div><\/div><\/div><\/div><\/div><div class=\"w-separator size_medium\"><\/div><div class=\"g-cols wpb_row via_flex valign_top type_default stacking_default\"><div class=\"vc_col-sm-2\/5 wpb_column vc_column_container\"><div class=\"vc_column-inner\"><div class=\"wpb_wrapper\"><\/div><\/div><\/div><div class=\"vc_col-sm-2\/5 wpb_column vc_column_container\"><div class=\"vc_column-inner\"><div class=\"wpb_wrapper\"><div class=\"wpb_text_column\"><div class=\"wpb_wrapper\"><p><strong>Notre bureau technique s&rsquo;adapte \u00e0 votre projet.<\/strong><br \/>\nMas-Office fait partie de votre \u00e9quipe, personnalisant jusqu&rsquo;au moindre d\u00e9tail pour une installation impeccable.<\/p>\n<\/div><\/div><\/div><\/div><\/div><div class=\"vc_col-sm-1\/5 wpb_column vc_column_container\"><div class=\"vc_column-inner\"><div class=\"wpb_wrapper\"><\/div><\/div><\/div><\/div><div class=\"w-separator size_huge\"><\/div><div class=\"g-cols wpb_row us_custom_98868944 via_flex valign_top type_default stacking_default\"><div class=\"vc_col-sm-12 wpb_column vc_column_container\"><div class=\"vc_column-inner\"><div class=\"wpb_wrapper\"><div class=\"w-separator size_custom\" style=\"height:30vh\"><\/div><\/div><\/div><\/div><\/div><\/div><\/div><\/div><\/div><\/div><\/section><section class=\"l-section wpb_row height_large\"><div class=\"l-section-overlay\" style=\"background:#76ff52\"><\/div><div class=\"l-section-h i-cf\"><div class=\"g-cols vc_row via_flex valign_top type_default stacking_default\"><div class=\"vc_col-sm-12 wpb_column vc_column_container\"><div class=\"vc_column-inner\"><div class=\"wpb_wrapper\"><div class=\"w-actionbox us_custom_7c3646e2 has_text_color color_primary controls_right\"><div class=\"w-actionbox-text\"><h2 class=\"w-actionbox-title\">T\u00e9l\u00e9chargez notre catalogue de produits eStorage<\/h2><\/div><div class=\"w-actionbox-controls\"><a class=\"w-btn us-btn-style_2\" target=\"_blank\" rel=\"nofollow\" href=\"https:\/\/www.mas-office.com\/wp-content\/uploads\/2023\/06\/cataleg_estorage_22_2023_2.pdf\"><span class=\"w-btn-label\">T\u00e9l\u00e9chargez<\/span><\/a><\/div><\/div><\/div><\/div><\/div><\/div><\/div><\/section>","protected":false},"excerpt":{"rendered":"eStorage FENOLIC Avec la r\u00e9sistance \u00e0 tous les tests du mat\u00e9riau ph\u00e9nolique. Voulez-vous plus d&rsquo;informations? Vous devez remplir ce champ Vous devez remplir ce champ Veuillez saisir une adresse e-mail valide. J'ai lu et j'accepte la Politique de Confidentialit\u00e9 Vous devez accepter les conditions pour continuer J'accepte l'envoi de promotions S\u00e9lectionner une option Je veux...","protected":false},"author":1,"featured_media":0,"parent":29,"menu_order":15,"comment_status":"closed","ping_status":"closed","template":"","meta":{"footnotes":""},"class_list":["post-70690","page","type-page","status-publish","hentry"],"_links":{"self":[{"href":"https:\/\/www.mas-office.com\/fr\/wp-json\/wp\/v2\/pages\/70690","targetHints":{"allow":["GET"]}}],"collection":[{"href":"https:\/\/www.mas-office.com\/fr\/wp-json\/wp\/v2\/pages"}],"about":[{"href":"https:\/\/www.mas-office.com\/fr\/wp-json\/wp\/v2\/types\/page"}],"author":[{"embeddable":true,"href":"https:\/\/www.mas-office.com\/fr\/wp-json\/wp\/v2\/users\/1"}],"replies":[{"embeddable":true,"href":"https:\/\/www.mas-office.com\/fr\/wp-json\/wp\/v2\/comments?post=70690"}],"version-history":[{"count":12,"href":"https:\/\/www.mas-office.com\/fr\/wp-json\/wp\/v2\/pages\/70690\/revisions"}],"predecessor-version":[{"id":72974,"href":"https:\/\/www.mas-office.com\/fr\/wp-json\/wp\/v2\/pages\/70690\/revisions\/72974"}],"up":[{"embeddable":true,"href":"https:\/\/www.mas-office.com\/fr\/wp-json\/wp\/v2\/pages\/29"}],"wp:attachment":[{"href":"https:\/\/www.mas-office.com\/fr\/wp-json\/wp\/v2\/media?parent=70690"}],"curies":[{"name":"wp","href":"https:\/\/api.w.org\/{rel}","templated":true}]}}