{"id":67817,"date":"2022-09-05T11:27:46","date_gmt":"2022-09-05T09:27:46","guid":{"rendered":"https:\/\/www.mas-office.com\/?page_id=67817"},"modified":"2022-09-05T12:10:59","modified_gmt":"2022-09-05T10:10:59","slug":"divisorias","status":"publish","type":"page","link":"https:\/\/www.mas-office.com\/fr\/productos\/oficina-office\/divisorias\/","title":{"rendered":"S\u00e9parateurs"},"content":{"rendered":"<section class=\"l-section wpb_row height_small color_primary\"><div class=\"l-section-h i-cf\"><div class=\"g-cols vc_row via_flex valign_middle type_default stacking_default\"><div class=\"vc_col-sm-12 wpb_column vc_column_container\"><div class=\"vc_column-inner\"><div class=\"wpb_wrapper\"><h1 class=\"w-post-elm post_title us_custom_607cd7e8 entry-title color_link_inherit\">S\u00e9parateurs<\/h1><\/div><\/div><\/div><\/div><\/div><\/section><section class=\"l-section wpb_row height_large\"><div class=\"l-section-h i-cf\"><div class=\"g-cols vc_row via_flex valign_top type_default stacking_default\"><div class=\"vc_col-sm-12 wpb_column vc_column_container\"><div class=\"vc_column-inner\"><div class=\"wpb_wrapper\"><div class=\"w-grid us_grid type_grid layout_19000 cols_4 pagination_infinite preload_style_spinner ratio_1x1\" id=\"us_grid_1\" style=\"--columns:4;--gap:4px;--item-ratio:1;\" data-filterable=\"true\"><style>@media (max-width:1280px){#us_grid_1{--columns:3!important}}@media (max-width:1024px){#us_grid_1{--columns:2!important}}@media (max-width:600px){#us_grid_1{--columns:1!important}}@media (min-width:1024px){#us_grid_1 .w-post-elm.post_title{font-size:22px!important}}.layout_19000 .w-grid-item-h{}.layout_19000 .usg_post_image_1{transition-duration:0.35s;transform-origin:50% 50%;transform:scale(1) translate(0%,0%)}.layout_19000 .w-grid-item-h:focus-within .usg_post_image_1,.layout_19000 .w-grid-item-h:hover .usg_post_image_1{transform:scale(1.1) translate(0%,0%);opacity:0.75}.layout_19000 .usg_post_image_1{position:absolute!important;left:0!important;top:0!important;bottom:0!important;right:0!important}.layout_19000 .usg_vwrapper_1{position:absolute!important;left:0!important;bottom:0!important;right:0!important;padding:4rem 2rem 1.5rem 2rem!important}.layout_19000 .usg_post_title_1{font-size:1.2rem!important}<\/style><div class=\"w-grid-list\">\t<article class=\"w-grid-item size_1x1 post-67820 us_portfolio type-us_portfolio status-publish has-post-thumbnail hentry us_portfolio_category-divisorias\" data-id=\"67820\">\r\n\t\t<div class=\"w-grid-item-h\">\r\n\t\t\t\t\t\t<div class=\"w-post-elm post_image usg_post_image_1 stretched\"><a href=\"https:\/\/www.mas-office.com\/fr\/catalogo\/serie-oficina-divisorias-kp\/\" aria-label=\"S\u00e9parateur Bureau S\u00e9rie KP+\"><img loading=\"lazy\" decoding=\"async\" width=\"1132\" height=\"1132\" src=\"https:\/\/www.mas-office.com\/wp-content\/uploads\/2022\/09\/divisories.jpg\" class=\"attachment-full size-full wp-post-image\" alt=\"\" srcset=\"https:\/\/www.mas-office.com\/wp-content\/uploads\/2022\/09\/divisories.jpg 1132w, https:\/\/www.mas-office.com\/wp-content\/uploads\/2022\/09\/divisories-300x300.jpg 300w, https:\/\/www.mas-office.com\/wp-content\/uploads\/2022\/09\/divisories-1024x1024.jpg 1024w, https:\/\/www.mas-office.com\/wp-content\/uploads\/2022\/09\/divisories-150x150.jpg 150w, https:\/\/www.mas-office.com\/wp-content\/uploads\/2022\/09\/divisories-350x350.jpg 350w, https:\/\/www.mas-office.com\/wp-content\/uploads\/2022\/09\/divisories-600x600.jpg 600w, https:\/\/www.mas-office.com\/wp-content\/uploads\/2022\/09\/divisories-768x768.jpg 768w\" sizes=\"auto, (max-width: 1132px) 100vw, 1132px\" \/><\/a><\/div><div class=\"w-vwrapper usg_vwrapper_1 align_center valign_top\"><h2 class=\"w-post-elm post_title usg_post_title_1 entry-title color_link_inherit\">S\u00e9parateur Bureau S\u00e9rie KP+<\/h2><\/div>\t\t<\/div>\r\n\t\t\t<\/article>\r\n<\/div>\t<div class=\"w-grid-preloader\">\r\n\t\t<div class=\"g-preloader type_1\">\r\n\t\t\t<div><\/div>\r\n\t\t<\/div>\r\n\t<\/div>\r\n\t\t<div class=\"w-grid-json hidden\" onclick='return {&quot;action&quot;:&quot;us_ajax_grid&quot;,&quot;infinite_scroll&quot;:0,&quot;max_num_pages&quot;:1,&quot;pagination&quot;:&quot;infinite&quot;,&quot;template_vars&quot;:{&quot;columns&quot;:&quot;4&quot;,&quot;exclude_items&quot;:&quot;none&quot;,&quot;img_size&quot;:&quot;full&quot;,&quot;ignore_items_size&quot;:0,&quot;items_layout&quot;:&quot;19000&quot;,&quot;items_offset&quot;:&quot;1&quot;,&quot;load_animation&quot;:&quot;none&quot;,&quot;overriding_link&quot;:&quot;{\\&quot;url\\&quot;:\\&quot;\\&quot;}&quot;,&quot;post_id&quot;:0,&quot;query_args&quot;:{&quot;post_type&quot;:[&quot;us_portfolio&quot;],&quot;tax_query&quot;:[{&quot;taxonomy&quot;:&quot;us_portfolio_category&quot;,&quot;field&quot;:&quot;slug&quot;,&quot;terms&quot;:[&quot;divisorias&quot;]}],&quot;post_status&quot;:[&quot;publish&quot;],&quot;posts_per_page&quot;:999},&quot;orderby_query_args&quot;:{&quot;orderby&quot;:{&quot;date&quot;:&quot;DESC&quot;}},&quot;type&quot;:&quot;grid&quot;,&quot;us_grid_post_type&quot;:&quot;us_portfolio&quot;,&quot;us_grid_ajax_index&quot;:1,&quot;us_grid_filter_query_string&quot;:null,&quot;us_grid_index&quot;:1,&quot;page_args&quot;:[]}}'><\/div>\r\n\t<\/div><\/div><\/div><\/div><\/div><\/div><\/section>\n","protected":false},"excerpt":{"rendered":"S\u00e9parateur Bureau S\u00e9rie KP+ S\u00e9parateurs longitudinaux 30 cm de haut. Largeurs selon la taille de la table. Finitions en m\u00e9lamine, t\u00e9l\u00e9phone absorbant, verre ou m\u00e9thacrylate. Structure en fer peint \u00e9poxy. Le mat\u00e9riau en bois avec lequel il est fabriqu\u00e9 provient de sources l\u00e9gitimes selon le certificat FSC\/PEFC. S\u00e9parateurs transversaux Finitions bois, verre ou tapiss\u00e9es. Bois...","protected":false},"author":1,"featured_media":0,"parent":29,"menu_order":13,"comment_status":"closed","ping_status":"closed","template":"","meta":{"footnotes":""},"class_list":["post-67817","page","type-page","status-publish","hentry"],"_links":{"self":[{"href":"https:\/\/www.mas-office.com\/fr\/wp-json\/wp\/v2\/pages\/67817","targetHints":{"allow":["GET"]}}],"collection":[{"href":"https:\/\/www.mas-office.com\/fr\/wp-json\/wp\/v2\/pages"}],"about":[{"href":"https:\/\/www.mas-office.com\/fr\/wp-json\/wp\/v2\/types\/page"}],"author":[{"embeddable":true,"href":"https:\/\/www.mas-office.com\/fr\/wp-json\/wp\/v2\/users\/1"}],"replies":[{"embeddable":true,"href":"https:\/\/www.mas-office.com\/fr\/wp-json\/wp\/v2\/comments?post=67817"}],"version-history":[{"count":3,"href":"https:\/\/www.mas-office.com\/fr\/wp-json\/wp\/v2\/pages\/67817\/revisions"}],"predecessor-version":[{"id":67829,"href":"https:\/\/www.mas-office.com\/fr\/wp-json\/wp\/v2\/pages\/67817\/revisions\/67829"}],"up":[{"embeddable":true,"href":"https:\/\/www.mas-office.com\/fr\/wp-json\/wp\/v2\/pages\/29"}],"wp:attachment":[{"href":"https:\/\/www.mas-office.com\/fr\/wp-json\/wp\/v2\/media?parent=67817"}],"curies":[{"name":"wp","href":"https:\/\/api.w.org\/{rel}","templated":true}]}}