{"id":531,"date":"2017-09-19T08:38:43","date_gmt":"2017-09-19T06:38:43","guid":{"rendered":"http:\/\/www.mas-office.com\/?page_id=531"},"modified":"2022-09-05T11:32:52","modified_gmt":"2022-09-05T09:32:52","slug":"bancos-fenolico","status":"publish","type":"page","link":"https:\/\/www.mas-office.com\/fr\/productos\/industrial-pro\/roperos-fenolico\/bancos-fenolico\/","title":{"rendered":"Bancs FP"},"content":{"rendered":"<section class=\"l-section wpb_row height_small color_primary\"><div class=\"l-section-h i-cf\"><div class=\"g-cols vc_row via_flex valign_middle type_default stacking_default\"><div class=\"vc_col-sm-12 wpb_column vc_column_container\"><div class=\"vc_column-inner\"><div class=\"wpb_wrapper\"><h1 class=\"w-post-elm post_title us_custom_607cd7e8 entry-title color_link_inherit\">Bancs FP<\/h1><\/div><\/div><\/div><\/div><\/div><\/section><section class=\"l-section wpb_row height_large\"><div class=\"l-section-h i-cf\"><div class=\"g-cols vc_row via_flex valign_top type_default stacking_default\"><div class=\"vc_col-sm-12 wpb_column vc_column_container\"><div class=\"vc_column-inner\"><div class=\"wpb_wrapper\"><div class=\"w-grid us_grid type_grid layout_19055 cols_4 pagination_infinite preload_style_spinner ratio_1x1\" id=\"us_grid_1\" style=\"--columns:4;--gap:4px;--item-ratio:1;\" data-filterable=\"true\"><style>@media (max-width:1280px){#us_grid_1{--columns:3!important}}@media (max-width:1024px){#us_grid_1{--columns:2!important}}@media (max-width:600px){#us_grid_1{--columns:1!important}}@media (min-width:1024px){#us_grid_1 .w-post-elm.post_title{font-size:22px!important}}.layout_19055 .w-grid-item-h{}.layout_19055 .usg_post_image_1{transition-duration:0.3s;transform-origin:50% 50%;transform:scale(1) translate(0%,0%)}.layout_19055 .w-grid-item-h:focus-within .usg_post_image_1,.layout_19055 .w-grid-item-h:hover .usg_post_image_1{transform:scale(1.1) translate(0%,0%);opacity:0.75}.layout_19055 .usg_post_image_1{position:absolute!important;left:0!important;top:0!important;bottom:0!important;right:0!important}.layout_19055 .usg_vwrapper_1{position:absolute!important;top:0!important;right:0!important;bottom:0!important;left:0!important;padding:2rem!important}.layout_19055 .usg_post_title_1{font-size:1.4rem!important}<\/style><div class=\"w-grid-list\">\t<article class=\"w-grid-item size_1x1 post-720 us_portfolio type-us_portfolio status-publish has-post-thumbnail hentry us_portfolio_category-bancos-fenolico us_portfolio_category-industrial-pro us_portfolio_category-roperos-fenolico\" data-id=\"720\">\r\n\t\t<div class=\"w-grid-item-h\">\r\n\t\t\t\t\t\t<div class=\"w-post-elm post_image usg_post_image_1 stretched\"><a href=\"https:\/\/www.mas-office.com\/fr\/catalogo\/bancos-fenolico\/\" aria-label=\"Bancs ph\u00e9nolique\"><img loading=\"lazy\" decoding=\"async\" width=\"1920\" height=\"1920\" src=\"https:\/\/www.mas-office.com\/wp-content\/uploads\/2017\/09\/bancos-fenolic.jpg\" class=\"attachment-full size-full wp-post-image\" alt=\"\" srcset=\"https:\/\/www.mas-office.com\/wp-content\/uploads\/2017\/09\/bancos-fenolic.jpg 1920w, https:\/\/www.mas-office.com\/wp-content\/uploads\/2017\/09\/bancos-fenolic-150x150.jpg 150w, https:\/\/www.mas-office.com\/wp-content\/uploads\/2017\/09\/bancos-fenolic-300x300.jpg 300w, https:\/\/www.mas-office.com\/wp-content\/uploads\/2017\/09\/bancos-fenolic-768x768.jpg 768w, https:\/\/www.mas-office.com\/wp-content\/uploads\/2017\/09\/bancos-fenolic-1024x1024.jpg 1024w, https:\/\/www.mas-office.com\/wp-content\/uploads\/2017\/09\/bancos-fenolic-600x600.jpg 600w, https:\/\/www.mas-office.com\/wp-content\/uploads\/2017\/09\/bancos-fenolic-350x350.jpg 350w\" sizes=\"auto, (max-width: 1920px) 100vw, 1920px\" \/><\/a><\/div><div class=\"w-vwrapper usg_vwrapper_1 align_center valign_bottom\"><h2 class=\"w-post-elm post_title usg_post_title_1 entry-title color_link_inherit\">Bancs ph\u00e9nolique<\/h2><\/div>\t\t<\/div>\r\n\t\t\t<\/article>\r\n\t<article class=\"w-grid-item size_1x1 post-11068 us_portfolio type-us_portfolio status-publish has-post-thumbnail hentry us_portfolio_category-bancos-fenolico us_portfolio_category-industrial-pro us_portfolio_category-roperos-fenolico\" data-id=\"11068\">\r\n\t\t<div class=\"w-grid-item-h\">\r\n\t\t\t\t\t\t<div class=\"w-post-elm post_image usg_post_image_1 stretched\"><a href=\"https:\/\/www.mas-office.com\/fr\/catalogo\/bancos-cube\/\" aria-label=\"Bancs Cube\"><img loading=\"lazy\" decoding=\"async\" width=\"1920\" height=\"1920\" src=\"https:\/\/www.mas-office.com\/wp-content\/uploads\/2020\/10\/banc-cube-white-hd.jpg\" class=\"attachment-full size-full wp-post-image\" alt=\"\" srcset=\"https:\/\/www.mas-office.com\/wp-content\/uploads\/2020\/10\/banc-cube-white-hd.jpg 1920w, https:\/\/www.mas-office.com\/wp-content\/uploads\/2020\/10\/banc-cube-white-hd-300x300.jpg 300w, https:\/\/www.mas-office.com\/wp-content\/uploads\/2020\/10\/banc-cube-white-hd-1024x1024.jpg 1024w, https:\/\/www.mas-office.com\/wp-content\/uploads\/2020\/10\/banc-cube-white-hd-150x150.jpg 150w, https:\/\/www.mas-office.com\/wp-content\/uploads\/2020\/10\/banc-cube-white-hd-768x768.jpg 768w, https:\/\/www.mas-office.com\/wp-content\/uploads\/2020\/10\/banc-cube-white-hd-1536x1536.jpg 1536w, https:\/\/www.mas-office.com\/wp-content\/uploads\/2020\/10\/banc-cube-white-hd-600x600.jpg 600w, https:\/\/www.mas-office.com\/wp-content\/uploads\/2020\/10\/banc-cube-white-hd-350x350.jpg 350w\" sizes=\"auto, (max-width: 1920px) 100vw, 1920px\" \/><\/a><\/div><div class=\"w-vwrapper usg_vwrapper_1 align_center valign_bottom\"><h2 class=\"w-post-elm post_title usg_post_title_1 entry-title color_link_inherit\">Bancs Cube<\/h2><\/div>\t\t<\/div>\r\n\t\t\t<\/article>\r\n<\/div>\t<div class=\"w-grid-preloader\">\r\n\t\t<div class=\"g-preloader type_1\">\r\n\t\t\t<div><\/div>\r\n\t\t<\/div>\r\n\t<\/div>\r\n\t\t<div class=\"w-grid-json hidden\" onclick='return {&quot;action&quot;:&quot;us_ajax_grid&quot;,&quot;infinite_scroll&quot;:0,&quot;max_num_pages&quot;:1,&quot;pagination&quot;:&quot;infinite&quot;,&quot;template_vars&quot;:{&quot;columns&quot;:&quot;4&quot;,&quot;exclude_items&quot;:&quot;none&quot;,&quot;img_size&quot;:&quot;full&quot;,&quot;ignore_items_size&quot;:0,&quot;items_layout&quot;:&quot;19055&quot;,&quot;items_offset&quot;:&quot;1&quot;,&quot;load_animation&quot;:&quot;none&quot;,&quot;overriding_link&quot;:&quot;{\\&quot;url\\&quot;:\\&quot;\\&quot;}&quot;,&quot;post_id&quot;:0,&quot;query_args&quot;:{&quot;post_type&quot;:[&quot;us_portfolio&quot;],&quot;tax_query&quot;:[{&quot;taxonomy&quot;:&quot;us_portfolio_category&quot;,&quot;field&quot;:&quot;slug&quot;,&quot;terms&quot;:[&quot;bancos-fenolico&quot;]}],&quot;post_status&quot;:[&quot;publish&quot;],&quot;posts_per_page&quot;:999},&quot;orderby_query_args&quot;:{&quot;orderby&quot;:{&quot;date&quot;:&quot;DESC&quot;}},&quot;type&quot;:&quot;grid&quot;,&quot;us_grid_post_type&quot;:&quot;us_portfolio&quot;,&quot;us_grid_ajax_index&quot;:1,&quot;us_grid_filter_query_string&quot;:null,&quot;us_grid_index&quot;:1,&quot;page_args&quot;:[]}}'><\/div>\r\n\t<\/div><\/div><\/div><\/div><\/div><\/div><\/section>\n","protected":false},"excerpt":{"rendered":"bancs Cube Bancs au design tout simplement unique Bancs pour vestiaires, parties communes, salles de sport&#8230; Structure en m\u00e9tal peint couleur anthracite. Surface d\u2019assise totalement lisse, sans parties saillantes, t\u00eates de vis, rivets&#8230; \u00c9l\u00e9ments compatibles avec toute la gamme de bancs. Plusieurs dimensions possibles. Essais UNE 16139:2013, UNE 1022:2005 et UNE 1728:2013. Vous souhaitez recevoir...","protected":false},"author":1,"featured_media":0,"parent":101,"menu_order":25,"comment_status":"closed","ping_status":"closed","template":"","meta":{"footnotes":""},"class_list":["post-531","page","type-page","status-publish","hentry"],"_links":{"self":[{"href":"https:\/\/www.mas-office.com\/fr\/wp-json\/wp\/v2\/pages\/531","targetHints":{"allow":["GET"]}}],"collection":[{"href":"https:\/\/www.mas-office.com\/fr\/wp-json\/wp\/v2\/pages"}],"about":[{"href":"https:\/\/www.mas-office.com\/fr\/wp-json\/wp\/v2\/types\/page"}],"author":[{"embeddable":true,"href":"https:\/\/www.mas-office.com\/fr\/wp-json\/wp\/v2\/users\/1"}],"replies":[{"embeddable":true,"href":"https:\/\/www.mas-office.com\/fr\/wp-json\/wp\/v2\/comments?post=531"}],"version-history":[{"count":8,"href":"https:\/\/www.mas-office.com\/fr\/wp-json\/wp\/v2\/pages\/531\/revisions"}],"predecessor-version":[{"id":64485,"href":"https:\/\/www.mas-office.com\/fr\/wp-json\/wp\/v2\/pages\/531\/revisions\/64485"}],"up":[{"embeddable":true,"href":"https:\/\/www.mas-office.com\/fr\/wp-json\/wp\/v2\/pages\/101"}],"wp:attachment":[{"href":"https:\/\/www.mas-office.com\/fr\/wp-json\/wp\/v2\/media?parent=531"}],"curies":[{"name":"wp","href":"https:\/\/api.w.org\/{rel}","templated":true}]}}