{"id":26,"date":"2017-09-04T08:23:32","date_gmt":"2017-09-04T06:23:32","guid":{"rendered":"http:\/\/www.mas-office.com\/?page_id=26"},"modified":"2025-01-27T09:12:39","modified_gmt":"2025-01-27T08:12:39","slug":"inicio","status":"publish","type":"page","link":"https:\/\/www.mas-office.com\/fr\/","title":{"rendered":"Accueil"},"content":{"rendered":"<section class=\"l-section wpb_row height_auto color_secondary\"><div class=\"l-section-overlay\" style=\"background:#fde8d9\"><\/div><div class=\"l-section-h i-cf\"><div class=\"g-cols vc_row via_flex valign_top type_default stacking_default\"><div class=\"vc_col-sm-12 wpb_column vc_column_container\"><div class=\"vc_column-inner\"><div class=\"wpb_wrapper\">\n\t\t\t<!-- START Slider HOME ESP REVOLUTION SLIDER 6.7.41 --><p class=\"rs-p-wp-fix\"><\/p>\n\t\t\t<rs-module-wrap id=\"rev_slider_1_4_wrapper\" data-source=\"gallery\" style=\"visibility:hidden;background:transparent;padding:0;margin:0px auto;margin-top:0;margin-bottom:0;\">\n\t\t\t\t<rs-module id=\"rev_slider_1_4\" style=\"\" data-version=\"6.7.41\">\n\t\t\t\t\t<rs-slides style=\"overflow: hidden; position: absolute;\">\n\t\t\t\t\t\t<rs-slide style=\"position: absolute;\" data-key=\"rs-93\" data-title=\"Slide\" data-duration=\"30000ms\" data-anim=\"adpr:false;\" data-in=\"o:0;\" data-out=\"a:false;\">\n\t\t\t\t\t\t\t<img decoding=\"async\" src=\"\/\/www.mas-office.com\/wp-content\/plugins\/revslider\/sr6\/assets\/assets\/dummy.png\" alt=\"\" title=\"TimeLapse-Kuboa_slider_931.jpeg\" width=\"1920\" height=\"900\" class=\"rev-slidebg tp-rs-img rs-lazyload\" data-lazyload=\"\/\/www.mas-office.com\/wp-content\/uploads\/revslider\/video-media\/TimeLapse-Kuboa_slider_931.jpeg\" data-no-retina>\n\t\t\t\t\t\t\t<rs-bgvideo \n\t\t\t\t\t\t\t\tdata-video=\"w:100%;h:100%;nse:false;l:false;ptimer:false;vfc:true;\"\n\t\t\t\t\t\t\t\tdata-mp4=\"\/\/www.mas-office.com\/wp-content\/uploads\/2023\/09\/TimeLapse-Kuboa_slider.mp4\"\n\t\t\t\t\t\t\t><\/rs-bgvideo>\n<!--\n\t\t\t\t\t\t\t--><rs-layer\n\t\t\t\t\t\t\t\tid=\"slider-1-slide-93-layer-27\" \n\t\t\t\t\t\t\t\tdata-type=\"text\"\n\t\t\t\t\t\t\t\tdata-color=\"#000000\"\n\t\t\t\t\t\t\t\tdata-rsp_ch=\"on\"\n\t\t\t\t\t\t\t\tdata-xy=\"x:c;y:c;yo:310px;\"\n\t\t\t\t\t\t\t\tdata-text=\"w:normal;s:40;l:42;ls:0px;a:center;\"\n\t\t\t\t\t\t\t\tdata-dim=\"minh:0px;\"\n\t\t\t\t\t\t\t\tdata-frame_999=\"o:0;st:1900;sR:1600;\"\n\t\t\t\t\t\t\t\tstyle=\"z-index:9;font-family:'Play';text-shadow:1px 1px 3px rgba(0,0,0,0.5);\"\n\t\t\t\t\t\t\t>Do you like changeable workspaces? \n\t\t\t\t\t\t\t<\/rs-layer><!--\n\n\t\t\t\t\t\t\t--><rs-layer\n\t\t\t\t\t\t\t\tid=\"slider-1-slide-93-layer-28\" \n\t\t\t\t\t\t\t\tdata-type=\"text\"\n\t\t\t\t\t\t\t\tdata-color=\"#000000\"\n\t\t\t\t\t\t\t\tdata-rsp_ch=\"on\"\n\t\t\t\t\t\t\t\tdata-xy=\"x:c;y:c;yo:370px;\"\n\t\t\t\t\t\t\t\tdata-text=\"w:normal;s:40;l:42;ls:0px;a:center;\"\n\t\t\t\t\t\t\t\tdata-dim=\"minh:0px;\"\n\t\t\t\t\t\t\t\tdata-frame_1=\"st:22680;sR:22680;\"\n\t\t\t\t\t\t\t\tdata-frame_999=\"o:0;st:w;sp:0;sR:4520;\"\n\t\t\t\t\t\t\t\tstyle=\"z-index:8;font-family:'Play';text-shadow:1px 1px 3px rgba(0,0,0,0.5);\"\n\t\t\t\t\t\t\t>Imagine many workspaces in a single workspace \n\t\t\t\t\t\t\t<\/rs-layer><!--\n\n\t\t\t\t\t\t\t--><rs-layer\n\t\t\t\t\t\t\t\tid=\"slider-1-slide-93-layer-29\" \n\t\t\t\t\t\t\t\tdata-type=\"image\"\n\t\t\t\t\t\t\t\tdata-rsp_ch=\"on\"\n\t\t\t\t\t\t\t\tdata-xy=\"x:1850px;y:25px;\"\n\t\t\t\t\t\t\t\tdata-text=\"w:normal;\"\n\t\t\t\t\t\t\t\tdata-dim=\"w:40px;h:40px;\"\n\t\t\t\t\t\t\t\tdata-actions='o:click;a:toggle_global_mute_video;'\n\t\t\t\t\t\t\t\tdata-frame_999=\"o:0;st:w;sp:0;sR:27200;\"\n\t\t\t\t\t\t\t\tstyle=\"z-index:10;\"\n\t\t\t\t\t\t\t><img decoding=\"async\" src=\"\/\/www.mas-office.com\/wp-content\/plugins\/revslider\/sr6\/assets\/assets\/dummy.png\" alt=\"\" class=\"tp-rs-img rs-lazyload\" width=\"512\" height=\"512\" data-lazyload=\"\/\/www.mas-office.com\/wp-content\/uploads\/2023\/10\/volumen.png\" data-no-retina> \n\t\t\t\t\t\t\t<\/rs-layer><!--\n-->\t\t\t\t\t<\/rs-slide>\n\t\t\t\t\t\t<rs-slide style=\"position: absolute;\" data-key=\"rs-931\" data-title=\"Slide\" data-duration=\"30000ms\" data-anim=\"adpr:false;\" data-in=\"o:0;\" data-out=\"a:false;\">\n\t\t\t\t\t\t\t<img decoding=\"async\" src=\"\/\/www.mas-office.com\/wp-content\/plugins\/revslider\/sr6\/assets\/assets\/dummy.png\" alt=\"\" title=\"TimeLapse-Kuboa_slider_931.jpeg\" width=\"1920\" height=\"900\" class=\"rev-slidebg tp-rs-img rs-lazyload\" data-lazyload=\"\/\/www.mas-office.com\/wp-content\/uploads\/revslider\/video-media\/TimeLapse-Kuboa_slider_931.jpeg\" data-no-retina>\n\t\t\t\t\t\t\t<rs-bgvideo \n\t\t\t\t\t\t\t\tdata-video=\"w:100%;h:100%;nse:false;l:false;ptimer:false;vfc:true;\"\n\t\t\t\t\t\t\t\tdata-mp4=\"\/\/www.mas-office.com\/wp-content\/uploads\/2023\/09\/TimeLapse-Kuboa_slider.mp4\"\n\t\t\t\t\t\t\t><\/rs-bgvideo>\n<!--\n\t\t\t\t\t\t\t--><rs-layer\n\t\t\t\t\t\t\t\tid=\"slider-1-slide-931-layer-27\" \n\t\t\t\t\t\t\t\tdata-type=\"text\"\n\t\t\t\t\t\t\t\tdata-color=\"#000000\"\n\t\t\t\t\t\t\t\tdata-rsp_ch=\"on\"\n\t\t\t\t\t\t\t\tdata-xy=\"x:c;y:c;yo:310px;\"\n\t\t\t\t\t\t\t\tdata-text=\"w:normal;s:40;l:42;ls:0px;a:center;\"\n\t\t\t\t\t\t\t\tdata-dim=\"minh:0px;\"\n\t\t\t\t\t\t\t\tdata-frame_999=\"o:0;st:1900;sR:1600;\"\n\t\t\t\t\t\t\t\tstyle=\"z-index:9;font-family:'Play';text-shadow:1px 1px 3px rgba(0,0,0,0.5);\"\n\t\t\t\t\t\t\t>Do you like changeable workspaces? \n\t\t\t\t\t\t\t<\/rs-layer><!--\n\n\t\t\t\t\t\t\t--><rs-layer\n\t\t\t\t\t\t\t\tid=\"slider-1-slide-931-layer-28\" \n\t\t\t\t\t\t\t\tdata-type=\"text\"\n\t\t\t\t\t\t\t\tdata-color=\"#000000\"\n\t\t\t\t\t\t\t\tdata-rsp_ch=\"on\"\n\t\t\t\t\t\t\t\tdata-xy=\"x:c;y:c;yo:370px;\"\n\t\t\t\t\t\t\t\tdata-text=\"w:normal;s:40;l:42;ls:0px;a:center;\"\n\t\t\t\t\t\t\t\tdata-dim=\"minh:0px;\"\n\t\t\t\t\t\t\t\tdata-frame_1=\"st:22680;sR:22680;\"\n\t\t\t\t\t\t\t\tdata-frame_999=\"o:0;st:w;sp:0;sR:4520;\"\n\t\t\t\t\t\t\t\tstyle=\"z-index:8;font-family:'Play';text-shadow:1px 1px 3px rgba(0,0,0,0.5);\"\n\t\t\t\t\t\t\t>Imagine many workspaces in a single workspace \n\t\t\t\t\t\t\t<\/rs-layer><!--\n\n\t\t\t\t\t\t\t--><rs-layer\n\t\t\t\t\t\t\t\tid=\"slider-1-slide-931-layer-29\" \n\t\t\t\t\t\t\t\tdata-type=\"image\"\n\t\t\t\t\t\t\t\tdata-rsp_ch=\"on\"\n\t\t\t\t\t\t\t\tdata-xy=\"x:1850px;y:25px;\"\n\t\t\t\t\t\t\t\tdata-text=\"w:normal;\"\n\t\t\t\t\t\t\t\tdata-dim=\"w:40px;h:40px;\"\n\t\t\t\t\t\t\t\tdata-actions='o:click;a:toggle_global_mute_video;'\n\t\t\t\t\t\t\t\tdata-frame_999=\"o:0;st:w;sp:0;sR:27200;\"\n\t\t\t\t\t\t\t\tstyle=\"z-index:10;\"\n\t\t\t\t\t\t\t><img decoding=\"async\" src=\"\/\/www.mas-office.com\/wp-content\/plugins\/revslider\/sr6\/assets\/assets\/dummy.png\" alt=\"\" class=\"tp-rs-img rs-lazyload\" width=\"512\" height=\"512\" data-lazyload=\"\/\/www.mas-office.com\/wp-content\/uploads\/2023\/10\/volumen.png\" data-no-retina> \n\t\t\t\t\t\t\t<\/rs-layer><!--\n-->\t\t\t\t\t<\/rs-slide>\n\t\t\t\t\t<\/rs-slides>\n\t\t\t\t\t<rs-static-layers><!--\n\t\t\t\t\t--><\/rs-static-layers>\n\t\t\t\t<\/rs-module>\n\t\t\t\t<script>\n\t\t\t\t\tsetREVStartSize({c: 'rev_slider_1_4',rl:[1240,1024,778,480],el:[985],gw:[1920],gh:[985],type:'standard',justify:'',layout:'fullwidth',mh:\"0\"});if (window.RS_MODULES!==undefined && window.RS_MODULES.modules!==undefined && window.RS_MODULES.modules[\"revslider14\"]!==undefined) {window.RS_MODULES.modules[\"revslider14\"].once = false;window.revapi1_4 = undefined;if (window.RS_MODULES.checkMinimal!==undefined) window.RS_MODULES.checkMinimal()}\n\t\t\t\t<\/script>\n\t\t\t<\/rs-module-wrap>\n\t\t\t<!-- END REVOLUTION SLIDER -->\n<\/div><\/div><\/div><\/div><\/div><\/section><section class=\"l-section wpb_row us_custom_315b8835 height_large color_primary\"><div class=\"l-section-h i-cf\"><div class=\"g-cols vc_row via_flex valign_top type_default stacking_default\"><div class=\"vc_col-sm-12 wpb_column vc_column_container\"><div class=\"vc_column-inner\"><div class=\"wpb_wrapper\"><div class=\"g-cols wpb_row via_flex valign_top type_default stacking_default\"><div class=\"vc_col-sm-12 wpb_column vc_column_container\"><div class=\"vc_column-inner us_custom_b6a72ce1\"><div class=\"wpb_wrapper\"><div id=\"ultib3-58464307169dea2e1a5850\" class=\" ultb3-box ult-adjust-bottom-margin  ultb3-hover-6\" style=\"background-color: #f7da2e;\"><div class=\"ultb3-box-overlay\" style=\"background:rgba(247,218,46,0.15);\"><\/div><img decoding=\"async\" src=\"https:\/\/www.mas-office.com\/wp-content\/uploads\/2023\/10\/kuboa-en-serie-gr.jpg\" style=\"\" class=\"ultb3-img ultb3-img-center-right\" alt=\"null\"\/><div id=\"Info-banner-wrap1110\" class=\"ultb3-info ib3-info-right\" data-animation=\"\" data-animation-delay=\"03\"><div class=\"ultb3-desc ult-responsive\"  data-ultimate-target='#Info-banner-wrap1110 .ultb3-desc'  data-responsive-json-new='{\"font-size\":\"\",\"line-height\":\"\"}'  style=\"font-weight:normal;color:#000000;\"><\/p>\n<h3>Welcome to Kuboa<br \/>\nWelcome to adaptive storage system<\/h3>\n<p><\/div><a href=\"https:\/\/www.mas-office.com\/wp-content\/uploads\/2023\/12\/cataleg_kuboa_EN.pdf\" target=\"target=\"_blank\"\"  class=\"ultb3-btn ult-responsive\"  data-ultimate-target='#Info-banner-wrap1110 .ultb3-btn'  data-responsive-json-new='{\"font-size\":\"\",\"line-height\":\"\"}'  style=\"font-weight:normal;\">T\u00e9l\u00e9chargez le catalogue<i class=\"Defaults-angle-right\"><\/i><\/a><\/div><\/div><style>\n\t\t\t\t\t#ultib3-58464307169dea2e1a5850 {\n\t\t\t\t\t\tmin-height:270px;\n\t\t\t\t\t}\n\t\t\t\t\t#ultib3-58464307169dea2e1a5850 img.ultb3-img {\n\t\t\t\t\t\theight: 270px;\n\t\t\t\t\t}\n\t\t\t\t\t#ultib3-58464307169dea2e1a5850 .ultb3-btn {\n\t\t\t\t\t\tborder:1px solid #000000;border-radius:20px;color:#000000;\n\t\t\t\t\t}\n\t\t\t\t\t#ultib3-58464307169dea2e1a5850 .ultb3-btn:hover {\n\t\t\t\t\t\tbackground:#000000;color:#f7da2e;\n\t\t\t\t\t}\n\t\t\t\t\t#ultib3-58464307169dea2e1a5850 .ultb3-btn:focus {\n\t\t\t\t\t\toutline: 2px solid #005fcc;\n\t\t\t\t\t\toutline-offset: 2px;\n\t\t\t\t\t}\n\t\t\t\t<\/style><style>\n\t\t\t\t\t\t@media (min-width: 1824px) {\n\t\t\t\t\t\t\t #ultib3-58464307169dea2e1a5850 img.ultb3-img {\n\t\t\t\t\t\t\t\theight:270px;\n\t\t\t\t\t\t\t}\n\t\t\t\t\t\t}\n\t\t\t\t\t<\/style><style>\n\t\t\t\t\t\t@media (max-width: 1199px) {\n\t\t\t\t\t\t\t #ultib3-58464307169dea2e1a5850 img.ultb3-img {\n\t\t\t\t\t\t\t\theight:270px;\n\t\t\t\t\t\t\t}\n\t\t\t\t\t\t}\n\t\t\t\t\t<\/style><style>\n\t\t\t\t\t\t@media (max-width: 991px) {\n\t\t\t\t\t\t\t #ultib3-58464307169dea2e1a5850 img.ultb3-img {\n\t\t\t\t\t\t\t\theight:270px;\n\t\t\t\t\t\t\t}\n\t\t\t\t\t\t}\n\t\t\t\t\t<\/style><style>\n\t\t\t\t\t\t@media (max-width: 767px) {\n\t\t\t\t\t\t\t #ultib3-58464307169dea2e1a5850 img.ultb3-img {\n\t\t\t\t\t\t\t\theight:270px;\n\t\t\t\t\t\t\t}\n\t\t\t\t\t\t}\n\t\t\t\t\t<\/style><style>\n\t\t\t\t\t\t@media (max-width: 479px) {\n\t\t\t\t\t\t\t #ultib3-58464307169dea2e1a5850 img.ultb3-img {\n\t\t\t\t\t\t\t\theight:270px;\n\t\t\t\t\t\t\t}\n\t\t\t\t\t\t}\n\t\t\t\t\t<\/style><\/div><\/div><\/div><\/div><div class=\"w-separator size_medium\"><\/div><div class=\"g-cols wpb_row via_flex valign_top type_default stacking_default\"><div class=\"vc_col-sm-4 wpb_column vc_column_container\"><div class=\"vc_column-inner us_custom_b6a72ce1\"><div class=\"wpb_wrapper\"><div id=\"ultib3-185787213369dea2e1a5bcf\" class=\" ultb3-box ult-adjust-bottom-margin  ultb3-hover-6\" style=\"background-color: rgba(221,153,51,0.3);\"><div class=\"ultb3-box-overlay\" style=\"background:rgba(0,0,0,0.5);\"><\/div><img decoding=\"async\" src=\"https:\/\/www.mas-office.com\/wp-content\/uploads\/2019\/09\/slider-pad_004.jpg\" style=\"\" class=\"ultb3-img ultb3-img-center\" alt=\"null\"\/><div id=\"Info-banner-wrap7703\" class=\"ultb3-info ib3-info-right\" data-animation=\"\" data-animation-delay=\"03\"><h4 class=\"ultb3-title ult-responsive\"  data-ultimate-target='#Info-banner-wrap7703 .ultb3-title'  data-responsive-json-new='{\"font-size\":\"\",\"line-height\":\"\"}'  style=\"font-weight:normal;color:#ffffff;\">mas iOrder<\/h4><div class=\"ultb3-desc ult-responsive\"  data-ultimate-target='#Info-banner-wrap7703 .ultb3-desc'  data-responsive-json-new='{\"font-size\":\"desktop:16px;\",\"line-height\":\"\"}'  style=\"font-weight:normal;color:#ffffff;\">Armoires pour appareils num\u00e9riques<\/div><a href=\"https:\/\/www.mas-office.com\/productos\/archivo-tecnico-tic\/iorder\/\" title=\"iOrder\"  class=\"ultb3-btn ult-responsive\"  data-ultimate-target='#Info-banner-wrap7703 .ultb3-btn'  data-responsive-json-new='{\"font-size\":\"\",\"line-height\":\"\"}'  style=\"font-weight:normal;\">+ info<i class=\"Defaults-angle-right\"><\/i><\/a><\/div><\/div><style>\n\t\t\t\t\t#ultib3-185787213369dea2e1a5bcf {\n\t\t\t\t\t\tmin-height:250px;\n\t\t\t\t\t}\n\t\t\t\t\t#ultib3-185787213369dea2e1a5bcf img.ultb3-img {\n\t\t\t\t\t\theight: 300px;\n\t\t\t\t\t}\n\t\t\t\t\t#ultib3-185787213369dea2e1a5bcf .ultb3-btn {\n\t\t\t\t\t\tborder:1px solid #ffffff;border-radius:20px;color:#ffffff;\n\t\t\t\t\t}\n\t\t\t\t\t#ultib3-185787213369dea2e1a5bcf .ultb3-btn:hover {\n\t\t\t\t\t\tbackground:#ffffff;color:#dd9933;\n\t\t\t\t\t}\n\t\t\t\t\t#ultib3-185787213369dea2e1a5bcf .ultb3-btn:focus {\n\t\t\t\t\t\toutline: 2px solid #005fcc;\n\t\t\t\t\t\toutline-offset: 2px;\n\t\t\t\t\t}\n\t\t\t\t<\/style><style>\n\t\t\t\t\t\t@media (min-width: 1824px) {\n\t\t\t\t\t\t\t #ultib3-185787213369dea2e1a5bcf img.ultb3-img {\n\t\t\t\t\t\t\t\theight:300px;\n\t\t\t\t\t\t\t}\n\t\t\t\t\t\t}\n\t\t\t\t\t<\/style><div id=\"ultib3-351307754869dea2e1a5c6d\" class=\" ultb3-box ult-adjust-bottom-margin  ultb3-hover-6\" style=\"background-color: rgba(102,0,0,0.3);\"><div class=\"ultb3-box-overlay\" style=\"background:rgba(130,36,227,0.5);\"><\/div><img decoding=\"async\" src=\"https:\/\/www.mas-office.com\/wp-content\/uploads\/2017\/09\/banner1.jpg\" style=\"\" class=\"ultb3-img ultb3-img-center\" alt=\"null\"\/><div id=\"Info-banner-wrap5146\" class=\"ultb3-info ib3-info-right\" data-animation=\"\" data-animation-delay=\"03\"><h4 class=\"ultb3-title ult-responsive\"  data-ultimate-target='#Info-banner-wrap5146 .ultb3-title'  data-responsive-json-new='{\"font-size\":\"\",\"line-height\":\"\"}'  style=\"font-weight:normal;color:#ffffff;\">mas office<\/h4><div class=\"ultb3-desc ult-responsive\"  data-ultimate-target='#Info-banner-wrap5146 .ultb3-desc'  data-responsive-json-new='{\"font-size\":\"desktop:16px;\",\"line-height\":\"\"}'  style=\"font-weight:normal;color:#ffffff;\">Syst\u00e8mes de mobilier de bureau<\/div><a href=\"https:\/\/www.mas-office.com\/productos\/oficina-office\/\"  class=\"ultb3-btn ult-responsive\"  data-ultimate-target='#Info-banner-wrap5146 .ultb3-btn'  data-responsive-json-new='{\"font-size\":\"\",\"line-height\":\"\"}'  style=\"font-weight:normal;\">+ info<i class=\"Defaults-angle-right\"><\/i><\/a><\/div><\/div><style>\n\t\t\t\t\t#ultib3-351307754869dea2e1a5c6d {\n\t\t\t\t\t\tmin-height:250px;\n\t\t\t\t\t}\n\t\t\t\t\t#ultib3-351307754869dea2e1a5c6d img.ultb3-img {\n\t\t\t\t\t\theight: 300px;\n\t\t\t\t\t}\n\t\t\t\t\t#ultib3-351307754869dea2e1a5c6d .ultb3-btn {\n\t\t\t\t\t\tborder:1px solid #ffffff;border-radius:20px;color:#ffffff;\n\t\t\t\t\t}\n\t\t\t\t\t#ultib3-351307754869dea2e1a5c6d .ultb3-btn:hover {\n\t\t\t\t\t\tbackground:#ffffff;color:#660000;\n\t\t\t\t\t}\n\t\t\t\t\t#ultib3-351307754869dea2e1a5c6d .ultb3-btn:focus {\n\t\t\t\t\t\toutline: 2px solid #005fcc;\n\t\t\t\t\t\toutline-offset: 2px;\n\t\t\t\t\t}\n\t\t\t\t<\/style><style>\n\t\t\t\t\t\t@media (min-width: 1824px) {\n\t\t\t\t\t\t\t #ultib3-351307754869dea2e1a5c6d img.ultb3-img {\n\t\t\t\t\t\t\t\theight:300px;\n\t\t\t\t\t\t\t}\n\t\t\t\t\t\t}\n\t\t\t\t\t<\/style><\/div><\/div><\/div><div class=\"vc_col-sm-4 wpb_column vc_column_container\"><div class=\"vc_column-inner us_custom_b6a72ce1\"><div class=\"wpb_wrapper\"><div id=\"ultib3-292051825669dea2e1a5e3f\" class=\" ultb3-box ult-adjust-bottom-margin  ultb3-hover-6\" style=\"background-color: rgba(0,54,90,0.3);\"><div class=\"ultb3-box-overlay\" style=\"background:rgba(0,54,90,0.5);\"><\/div><img decoding=\"async\" src=\"https:\/\/www.mas-office.com\/wp-content\/uploads\/2019\/10\/arxiu.jpg\" style=\"\" class=\"ultb3-img ultb3-img-center\" alt=\"null\"\/><div id=\"Info-banner-wrap4983\" class=\"ultb3-info ib3-info-right\" data-animation=\"\" data-animation-delay=\"03\"><h4 class=\"ultb3-title ult-responsive\"  data-ultimate-target='#Info-banner-wrap4983 .ultb3-title'  data-responsive-json-new='{\"font-size\":\"\",\"line-height\":\"\"}'  style=\"font-weight:normal;color:#ffffff;\">mas order<\/h4><div class=\"ultb3-desc ult-responsive\"  data-ultimate-target='#Info-banner-wrap4983 .ultb3-desc'  data-responsive-json-new='{\"font-size\":\"desktop:16px;\",\"line-height\":\"\"}'  style=\"font-weight:normal;color:#ffffff;\">Large gamme d'armoires, caissons et classeurs<\/div><a href=\"https:\/\/www.mas-office.com\/productos\/oficina-office\/archivo\/\"  class=\"ultb3-btn ult-responsive\"  data-ultimate-target='#Info-banner-wrap4983 .ultb3-btn'  data-responsive-json-new='{\"font-size\":\"\",\"line-height\":\"\"}'  style=\"font-weight:normal;\">+ info<i class=\"Defaults-angle-right\"><\/i><\/a><\/div><\/div><style>\n\t\t\t\t\t#ultib3-292051825669dea2e1a5e3f {\n\t\t\t\t\t\tmin-height:250px;\n\t\t\t\t\t}\n\t\t\t\t\t#ultib3-292051825669dea2e1a5e3f img.ultb3-img {\n\t\t\t\t\t\theight: 300px;\n\t\t\t\t\t}\n\t\t\t\t\t#ultib3-292051825669dea2e1a5e3f .ultb3-btn {\n\t\t\t\t\t\tborder:1px solid #ffffff;border-radius:20px;color:#ffffff;\n\t\t\t\t\t}\n\t\t\t\t\t#ultib3-292051825669dea2e1a5e3f .ultb3-btn:hover {\n\t\t\t\t\t\tbackground:#ffffff;color:#00365a;\n\t\t\t\t\t}\n\t\t\t\t\t#ultib3-292051825669dea2e1a5e3f .ultb3-btn:focus {\n\t\t\t\t\t\toutline: 2px solid #005fcc;\n\t\t\t\t\t\toutline-offset: 2px;\n\t\t\t\t\t}\n\t\t\t\t<\/style><style>\n\t\t\t\t\t\t@media (min-width: 1824px) {\n\t\t\t\t\t\t\t #ultib3-292051825669dea2e1a5e3f img.ultb3-img {\n\t\t\t\t\t\t\t\theight:300px;\n\t\t\t\t\t\t\t}\n\t\t\t\t\t\t}\n\t\t\t\t\t<\/style><div id=\"ultib3-340752759269dea2e1a5ef1\" class=\" ultb3-box ult-adjust-bottom-margin  ultb3-hover-6\" style=\"background-color: rgba(0,125,221,0.3);\"><div class=\"ultb3-box-overlay\" style=\"background:rgba(0,125,221,0.5);\"><\/div><img decoding=\"async\" src=\"https:\/\/www.mas-office.com\/wp-content\/uploads\/2017\/09\/slider-fenolic-al-16.jpg\" style=\"\" class=\"ultb3-img ultb3-img-center\" alt=\"null\"\/><div id=\"Info-banner-wrap3462\" class=\"ultb3-info ib3-info-right\" data-animation=\"\" data-animation-delay=\"03\"><h4 class=\"ultb3-title ult-responsive\"  data-ultimate-target='#Info-banner-wrap3462 .ultb3-title'  data-responsive-json-new='{\"font-size\":\"\",\"line-height\":\"\"}'  style=\"font-weight:normal;color:#ffffff;\">s\u00e9rie fenolic al<\/h4><div class=\"ultb3-desc ult-responsive\"  data-ultimate-target='#Info-banner-wrap3462 .ultb3-desc'  data-responsive-json-new='{\"font-size\":\"desktop:16px;\",\"line-height\":\"\"}'  style=\"font-weight:normal;color:#ffffff;\">Vestiaires ph\u00e9noliques avec profil en aluminium<\/div><a href=\"http:\/\/www.mas-office.com\/catalogo\/serie-fenolic-al\/\"  class=\"ultb3-btn ult-responsive\"  data-ultimate-target='#Info-banner-wrap3462 .ultb3-btn'  data-responsive-json-new='{\"font-size\":\"\",\"line-height\":\"\"}'  style=\"font-weight:normal;\">+ info<i class=\"Defaults-angle-right\"><\/i><\/a><\/div><\/div><style>\n\t\t\t\t\t#ultib3-340752759269dea2e1a5ef1 {\n\t\t\t\t\t\tmin-height:250px;\n\t\t\t\t\t}\n\t\t\t\t\t#ultib3-340752759269dea2e1a5ef1 img.ultb3-img {\n\t\t\t\t\t\theight: 300px;\n\t\t\t\t\t}\n\t\t\t\t\t#ultib3-340752759269dea2e1a5ef1 .ultb3-btn {\n\t\t\t\t\t\tborder:1px solid #ffffff;border-radius:20px;color:#ffffff;\n\t\t\t\t\t}\n\t\t\t\t\t#ultib3-340752759269dea2e1a5ef1 .ultb3-btn:hover {\n\t\t\t\t\t\tbackground:#ffffff;color:#007ddd;\n\t\t\t\t\t}\n\t\t\t\t\t#ultib3-340752759269dea2e1a5ef1 .ultb3-btn:focus {\n\t\t\t\t\t\toutline: 2px solid #005fcc;\n\t\t\t\t\t\toutline-offset: 2px;\n\t\t\t\t\t}\n\t\t\t\t<\/style><style>\n\t\t\t\t\t\t@media (min-width: 1824px) {\n\t\t\t\t\t\t\t #ultib3-340752759269dea2e1a5ef1 img.ultb3-img {\n\t\t\t\t\t\t\t\theight:300px;\n\t\t\t\t\t\t\t}\n\t\t\t\t\t\t}\n\t\t\t\t\t<\/style><\/div><\/div><\/div><div class=\"vc_col-sm-4 wpb_column vc_column_container\"><div class=\"vc_column-inner us_custom_b6a72ce1\"><div class=\"wpb_wrapper\"><div id=\"ultib3-81536237669dea2e1a60a4\" class=\" ultb3-box ult-adjust-bottom-margin  ultb3-hover-6\" style=\"background-color: rgba(119,119,119,0.3);\"><div class=\"ultb3-box-overlay\" style=\"background:rgba(221,66,66,0.5);\"><\/div><img decoding=\"async\" src=\"https:\/\/www.mas-office.com\/wp-content\/uploads\/2019\/10\/neo.jpg\" style=\"\" class=\"ultb3-img ultb3-img-center\" alt=\"null\"\/><div id=\"Info-banner-wrap5845\" class=\"ultb3-info ib3-info-right\" data-animation=\"\" data-animation-delay=\"03\"><h4 class=\"ultb3-title ult-responsive\"  data-ultimate-target='#Info-banner-wrap5845 .ultb3-title'  data-responsive-json-new='{\"font-size\":\"\",\"line-height\":\"\"}'  style=\"font-weight:normal;color:#ffffff;\">mas pro<\/h4><div class=\"ultb3-desc ult-responsive\"  data-ultimate-target='#Info-banner-wrap5845 .ultb3-desc'  data-responsive-json-new='{\"font-size\":\"desktop:16px;\",\"line-height\":\"\"}'  style=\"font-weight:normal;color:#ffffff;\">Large gamme de vestiaires et bancs<\/div><a href=\"https:\/\/www.mas-office.com\/productos\/industrial-pro\/\"  class=\"ultb3-btn ult-responsive\"  data-ultimate-target='#Info-banner-wrap5845 .ultb3-btn'  data-responsive-json-new='{\"font-size\":\"\",\"line-height\":\"\"}'  style=\"font-weight:normal;\">+ info<i class=\"Defaults-angle-right\"><\/i><\/a><\/div><\/div><style>\n\t\t\t\t\t#ultib3-81536237669dea2e1a60a4 {\n\t\t\t\t\t\tmin-height:250px;\n\t\t\t\t\t}\n\t\t\t\t\t#ultib3-81536237669dea2e1a60a4 img.ultb3-img {\n\t\t\t\t\t\theight: 300px;\n\t\t\t\t\t}\n\t\t\t\t\t#ultib3-81536237669dea2e1a60a4 .ultb3-btn {\n\t\t\t\t\t\tborder:1px solid #ffffff;border-radius:20px;color:#ffffff;\n\t\t\t\t\t}\n\t\t\t\t\t#ultib3-81536237669dea2e1a60a4 .ultb3-btn:hover {\n\t\t\t\t\t\tbackground:#ffffff;color:#777777;\n\t\t\t\t\t}\n\t\t\t\t\t#ultib3-81536237669dea2e1a60a4 .ultb3-btn:focus {\n\t\t\t\t\t\toutline: 2px solid #005fcc;\n\t\t\t\t\t\toutline-offset: 2px;\n\t\t\t\t\t}\n\t\t\t\t<\/style><style>\n\t\t\t\t\t\t@media (min-width: 1824px) {\n\t\t\t\t\t\t\t #ultib3-81536237669dea2e1a60a4 img.ultb3-img {\n\t\t\t\t\t\t\t\theight:300px;\n\t\t\t\t\t\t\t}\n\t\t\t\t\t\t}\n\t\t\t\t\t<\/style><div id=\"ultib3-295770917169dea2e1a613b\" class=\" ultb3-box ult-adjust-bottom-margin  ultb3-hover-6\" style=\"background-color: rgba(30,115,190,0.3);\"><div class=\"ultb3-box-overlay\" style=\"background:rgba(0,0,0,0.5);\"><\/div><img decoding=\"async\" src=\"https:\/\/www.mas-office.com\/wp-content\/uploads\/2019\/10\/mas-calidad2.jpg\" style=\"\" class=\"ultb3-img ultb3-img-center\" alt=\"null\"\/><div id=\"Info-banner-wrap8790\" class=\"ultb3-info ib3-info-right\" data-animation=\"\" data-animation-delay=\"03\"><h4 class=\"ultb3-title ult-responsive\"  data-ultimate-target='#Info-banner-wrap8790 .ultb3-title'  data-responsive-json-new='{\"font-size\":\"\",\"line-height\":\"\"}'  style=\"font-weight:bold;color:#ffffff;\">s\u00e9rie neo<\/h4><div class=\"ultb3-desc ult-responsive\"  data-ultimate-target='#Info-banner-wrap8790 .ultb3-desc'  data-responsive-json-new='{\"font-size\":\"desktop:16px;\",\"line-height\":\"\"}'  style=\"font-weight:normal;color:#ffffff;\">Vestiaires en m\u00e9tal<\/div><a href=\"https:\/\/www.mas-office.com\/productos\/industrial-pro\/roperos-metal\/\"  class=\"ultb3-btn ult-responsive\"  data-ultimate-target='#Info-banner-wrap8790 .ultb3-btn'  data-responsive-json-new='{\"font-size\":\"\",\"line-height\":\"\"}'  style=\"font-weight:normal;\">+ info<i class=\"Defaults-angle-right\"><\/i><\/a><\/div><\/div><style>\n\t\t\t\t\t#ultib3-295770917169dea2e1a613b {\n\t\t\t\t\t\tmin-height:250px;\n\t\t\t\t\t}\n\t\t\t\t\t#ultib3-295770917169dea2e1a613b img.ultb3-img {\n\t\t\t\t\t\theight: 250px;\n\t\t\t\t\t}\n\t\t\t\t\t#ultib3-295770917169dea2e1a613b .ultb3-btn {\n\t\t\t\t\t\tborder:1px solid #ffffff;border-radius:20px;color:#ffffff;\n\t\t\t\t\t}\n\t\t\t\t\t#ultib3-295770917169dea2e1a613b .ultb3-btn:hover {\n\t\t\t\t\t\tbackground:#ffffff;color:#1e73be;\n\t\t\t\t\t}\n\t\t\t\t\t#ultib3-295770917169dea2e1a613b .ultb3-btn:focus {\n\t\t\t\t\t\toutline: 2px solid #005fcc;\n\t\t\t\t\t\toutline-offset: 2px;\n\t\t\t\t\t}\n\t\t\t\t<\/style><style>\n\t\t\t\t\t\t@media (min-width: 1824px) {\n\t\t\t\t\t\t\t #ultib3-295770917169dea2e1a613b img.ultb3-img {\n\t\t\t\t\t\t\t\theight:250px;\n\t\t\t\t\t\t\t}\n\t\t\t\t\t\t}\n\t\t\t\t\t<\/style><\/div><\/div><\/div><\/div><\/div><\/div><\/div><\/div><\/div><\/section>","protected":false},"excerpt":{"rendered":"Do you like changeable workspaces? Imagine many workspaces in a single workspace Do you like changeable workspaces? Imagine many workspaces in a single workspace Welcome to Kuboa Welcome to adaptive storage system T\u00e9l\u00e9chargez le cataloguemas iOrderArmoires pour appareils num\u00e9riques+ infomas officeSyst\u00e8mes de mobilier de bureau+ infomas orderLarge gamme d'armoires, caissons et classeurs+ infos\u00e9rie fenolic alVestiaires...","protected":false},"author":1,"featured_media":0,"parent":0,"menu_order":0,"comment_status":"closed","ping_status":"closed","template":"","meta":{"footnotes":""},"class_list":["post-26","page","type-page","status-publish","hentry"],"_links":{"self":[{"href":"https:\/\/www.mas-office.com\/fr\/wp-json\/wp\/v2\/pages\/26","targetHints":{"allow":["GET"]}}],"collection":[{"href":"https:\/\/www.mas-office.com\/fr\/wp-json\/wp\/v2\/pages"}],"about":[{"href":"https:\/\/www.mas-office.com\/fr\/wp-json\/wp\/v2\/types\/page"}],"author":[{"embeddable":true,"href":"https:\/\/www.mas-office.com\/fr\/wp-json\/wp\/v2\/users\/1"}],"replies":[{"embeddable":true,"href":"https:\/\/www.mas-office.com\/fr\/wp-json\/wp\/v2\/comments?post=26"}],"version-history":[{"count":257,"href":"https:\/\/www.mas-office.com\/fr\/wp-json\/wp\/v2\/pages\/26\/revisions"}],"predecessor-version":[{"id":79263,"href":"https:\/\/www.mas-office.com\/fr\/wp-json\/wp\/v2\/pages\/26\/revisions\/79263"}],"wp:attachment":[{"href":"https:\/\/www.mas-office.com\/fr\/wp-json\/wp\/v2\/media?parent=26"}],"curies":[{"name":"wp","href":"https:\/\/api.w.org\/{rel}","templated":true}]}}