{"id":14,"date":"2017-09-04T08:20:01","date_gmt":"2017-09-04T06:20:01","guid":{"rendered":"http:\/\/www.mas-office.com\/?page_id=14"},"modified":"2023-12-18T08:14:51","modified_gmt":"2023-12-18T07:14:51","slug":"compania","status":"publish","type":"page","link":"https:\/\/www.mas-office.com\/fr\/compania\/","title":{"rendered":"\u00c0 propos de nous"},"content":{"rendered":"<section class=\"l-section wpb_row height_small color_primary\"><div class=\"l-section-h i-cf\"><div class=\"g-cols vc_row via_flex valign_middle type_default stacking_default\"><div class=\"vc_col-sm-12 wpb_column vc_column_container\"><div class=\"vc_column-inner\"><div class=\"wpb_wrapper\"><h1 class=\"w-post-elm post_title us_custom_607cd7e8 entry-title color_link_inherit\">\u00c0 propos de nous<\/h1><\/div><\/div><\/div><\/div><\/div><\/section><section class=\"l-section wpb_row us_custom_6186a7c3 has_text_color height_auto width_full with_img\"><div class=\"l-section-img\" role=\"img\" aria-label=\"Image\" data-img-width=\"1920\" data-img-height=\"1000\" style=\"background-image: url(https:\/\/www.mas-office.com\/wp-content\/uploads\/2017\/09\/mas-historia.jpg);\"><\/div><div class=\"l-section-overlay\" style=\"background:rgba(0,0,0,0.5)\"><\/div><div class=\"l-section-h i-cf\"><div class=\"g-cols vc_row via_flex valign_middle type_default stacking_default\"><div class=\"vc_col-sm-12 wpb_column vc_column_container\"><div class=\"vc_column-inner\"><div class=\"wpb_wrapper\"><div class=\"wpb_text_column\"><div class=\"wpb_wrapper\"><h2 style=\"text-align: center;\">Une entreprise prometteuse forte d\u2019une longue histoire<\/h2>\n<\/div><\/div><div class=\"w-separator size_small\"><\/div><div class=\"wpb_text_column\"><div class=\"wpb_wrapper\"><p style=\"text-align: center;\">Cr\u00e9\u00e9e en 1974, Mas-Office poursuit son parcours industriel en concevant<br \/>\net fabriquant du mobilier pour le bureau, les collectivit\u00e9s et l\u2019industrie<br \/>\navec la m\u00eame d\u00e9termination qu\u2019\u00e0 ses d\u00e9buts.<br \/>\nTravail, qualit\u00e9 et croissance sont ses ma\u00eetres-mots.<\/p>\n<\/div><\/div><\/div><\/div><\/div><\/div><\/div><\/section><section class=\"l-section wpb_row us_custom_4fd89a8b height_auto width_full\"><div class=\"l-section-h i-cf\"><div class=\"g-cols vc_row via_flex valign_middle type_default stacking_default\"><div class=\"vc_col-sm-12 wpb_column vc_column_container\"><div class=\"vc_column-inner\"><div class=\"wpb_wrapper\"><div class=\"w-image align_center\"><div class=\"w-image-h\"><img decoding=\"async\" width=\"1920\" height=\"1000\" src=\"https:\/\/www.mas-office.com\/wp-content\/uploads\/2017\/09\/mas-fabrica-1.jpg\" class=\"attachment-full size-full\" alt=\"\" loading=\"lazy\" srcset=\"https:\/\/www.mas-office.com\/wp-content\/uploads\/2017\/09\/mas-fabrica-1.jpg 1920w, https:\/\/www.mas-office.com\/wp-content\/uploads\/2017\/09\/mas-fabrica-1-300x156.jpg 300w, https:\/\/www.mas-office.com\/wp-content\/uploads\/2017\/09\/mas-fabrica-1-768x400.jpg 768w, https:\/\/www.mas-office.com\/wp-content\/uploads\/2017\/09\/mas-fabrica-1-1024x533.jpg 1024w\" sizes=\"auto, (max-width: 1920px) 100vw, 1920px\" \/><\/div><\/div><\/div><\/div><\/div><\/div><\/div><\/section><section class=\"l-section wpb_row us_custom_55b84973 has_text_color height_auto width_full with_img\"><div class=\"l-section-img\" role=\"img\" aria-label=\"Image\" data-img-width=\"1920\" data-img-height=\"1000\" style=\"background-image: url(https:\/\/www.mas-office.com\/wp-content\/uploads\/2017\/09\/mas-id.jpg);\"><\/div><div class=\"l-section-overlay\" style=\"background:rgba(0,0,0,0.5)\"><\/div><div class=\"l-section-h i-cf\"><div class=\"g-cols vc_row via_flex valign_middle type_default stacking_default\"><div class=\"vc_col-sm-12 wpb_column vc_column_container\"><div class=\"vc_column-inner\"><div class=\"wpb_wrapper\"><div class=\"wpb_text_column\"><div class=\"wpb_wrapper\"><h2 style=\"text-align: center;\">R&amp;D<br \/>\nUn bon d\u00e9but<\/h2>\n<\/div><\/div><div class=\"w-separator size_small\"><\/div><div class=\"wpb_text_column\"><div class=\"wpb_wrapper\"><p style=\"text-align: center;\">Notre bureau technique con\u00e7oit et contr\u00f4le la conception<br \/>\nde nos pi\u00e8ces, tout comme l&rsquo;adaptabilit\u00e9 de nos projets<br \/>\naupr\u00e8s de notre client\u00e8le.<\/p>\n<\/div><\/div><\/div><\/div><\/div><\/div><\/div><\/section><section class=\"l-section wpb_row us_custom_55b84973 has_text_color height_auto width_full with_img\"><div class=\"l-section-img\" role=\"img\" aria-label=\"Image\" data-img-width=\"1920\" data-img-height=\"1000\" style=\"background-image: url(https:\/\/www.mas-office.com\/wp-content\/uploads\/2017\/09\/mas-produccion-1.jpg);\"><\/div><div class=\"l-section-overlay\" style=\"background:rgba(0,0,0,0.5)\"><\/div><div class=\"l-section-h i-cf\"><div class=\"g-cols vc_row via_flex valign_middle type_default stacking_default\"><div class=\"vc_col-sm-12 wpb_column vc_column_container\"><div class=\"vc_column-inner\"><div class=\"wpb_wrapper\"><div class=\"wpb_text_column\"><div class=\"wpb_wrapper\"><h2 style=\"text-align: center;\">Production contr\u00f4l\u00e9e<\/h2>\n<\/div><\/div><div class=\"w-separator size_small\"><\/div><div class=\"wpb_text_column\"><div class=\"wpb_wrapper\"><p style=\"text-align: center;\">Chez Mas-Office, nous fabriquons du mobilier pour le bureau, les<br \/>\ncollectivit\u00e9s et l\u2019industrie alliant des parties en m\u00e9tal,<br \/>\nen bois et peintes.<br \/>\nLe processus de fabrication mis en \u0153uvre dans notre usine est<br \/>\ncontr\u00f4l\u00e9 et v\u00e9rifi\u00e9.<\/p>\n<\/div><\/div><\/div><\/div><\/div><\/div><\/div><\/section><section class=\"l-section wpb_row us_custom_4fd89a8b height_auto width_full\"><div class=\"l-section-h i-cf\"><div class=\"g-cols vc_row via_flex valign_middle type_default stacking_default\"><div class=\"vc_col-sm-6 wpb_column vc_column_container has_bg_color\"><div class=\"vc_column-inner us_custom_9d445089\"><div class=\"wpb_wrapper\"><\/div><\/div><\/div><div class=\"vc_col-sm-6 wpb_column vc_column_container has_bg_color\"><div class=\"vc_column-inner us_custom_7e6b6b11\"><div class=\"wpb_wrapper\"><\/div><\/div><\/div><\/div><\/div><\/section><section class=\"l-section wpb_row us_custom_69ba9c03 has_text_color height_auto width_full with_img\"><div class=\"l-section-img\" role=\"img\" aria-label=\"Image\" data-img-width=\"300\" data-img-height=\"143\" style=\"background-image: url(https:\/\/www.mas-office.com\/wp-content\/uploads\/2023\/12\/logo-bureau-veritas.png);\"><\/div><div class=\"l-section-h i-cf\"><div class=\"g-cols vc_row via_flex valign_middle type_default stacking_default\"><div class=\"vc_col-sm-12 wpb_column vc_column_container\"><div class=\"vc_column-inner\"><div class=\"wpb_wrapper\"><div class=\"wpb_text_column\"><div class=\"wpb_wrapper\"><h2 style=\"text-align: center;\">Une d\u00e9marche qualit\u00e9<\/h2>\n<\/div><\/div><\/div><\/div><\/div><\/div><\/div><\/section><section class=\"l-section wpb_row us_custom_8023468c has_text_color height_auto width_full with_img\"><div class=\"l-section-img\" role=\"img\" aria-label=\"Image\" data-img-width=\"1920\" data-img-height=\"1000\" style=\"background-image: url(https:\/\/www.mas-office.com\/wp-content\/uploads\/2017\/09\/mas-logistica-1.jpg);\"><\/div><div class=\"l-section-overlay\" style=\"background:rgba(0,0,0,0.5)\"><\/div><div class=\"l-section-h i-cf\"><div class=\"g-cols vc_row via_flex valign_middle type_default stacking_default\"><div class=\"vc_col-sm-12 wpb_column vc_column_container\"><div class=\"vc_column-inner\"><div class=\"wpb_wrapper\"><div class=\"w-image align_center\"><div class=\"w-image-h\"><img decoding=\"async\" width=\"1920\" height=\"1000\" src=\"https:\/\/www.mas-office.com\/wp-content\/uploads\/2017\/09\/mas-logistica-1.jpg\" class=\"attachment-full size-full\" alt=\"\" loading=\"lazy\" srcset=\"https:\/\/www.mas-office.com\/wp-content\/uploads\/2017\/09\/mas-logistica-1.jpg 1920w, https:\/\/www.mas-office.com\/wp-content\/uploads\/2017\/09\/mas-logistica-1-300x156.jpg 300w, https:\/\/www.mas-office.com\/wp-content\/uploads\/2017\/09\/mas-logistica-1-768x400.jpg 768w, https:\/\/www.mas-office.com\/wp-content\/uploads\/2017\/09\/mas-logistica-1-1024x533.jpg 1024w\" sizes=\"auto, (max-width: 1920px) 100vw, 1920px\" \/><\/div><\/div><\/div><\/div><\/div><\/div><\/div><\/section><section class=\"l-section wpb_row us_custom_e7e02403 has_text_color height_auto width_full with_img\"><div class=\"l-section-img\" role=\"img\" aria-label=\"Image\" data-img-width=\"1920\" data-img-height=\"1000\" style=\"background-image: url(https:\/\/www.mas-office.com\/wp-content\/uploads\/2017\/09\/mas-logistica-2.jpg);\"><\/div><div class=\"l-section-h i-cf\"><div class=\"g-cols vc_row via_flex valign_middle type_default stacking_default\"><div class=\"vc_col-sm-12 wpb_column vc_column_container\"><div class=\"vc_column-inner\"><div class=\"wpb_wrapper\"><div class=\"wpb_text_column\"><div class=\"wpb_wrapper\"><h2 style=\"text-align: center;\">Gr\u00e2ce \u00e0 notre syst\u00e8me de logistique optimis\u00e9e, nous restons au plus pr\u00e8s de vous.<\/h2>\n<\/div><\/div><\/div><\/div><\/div><\/div><\/div><\/section><section class=\"l-section wpb_row us_custom_55b84973 has_text_color height_auto width_full with_img\"><div class=\"l-section-img\" role=\"img\" aria-label=\"Image\" data-img-width=\"1920\" data-img-height=\"1000\" style=\"background-image: url(https:\/\/www.mas-office.com\/wp-content\/uploads\/2017\/09\/mas-ecologia-1.jpg);\"><\/div><div class=\"l-section-overlay\" style=\"background:rgba(0,0,0,0.5)\"><\/div><div class=\"l-section-h i-cf\"><div class=\"g-cols vc_row via_flex valign_middle type_default stacking_default\"><div class=\"vc_col-sm-12 wpb_column vc_column_container\"><div class=\"vc_column-inner\"><div class=\"wpb_wrapper\"><div class=\"wpb_text_column\"><div class=\"wpb_wrapper\"><h2 style=\"text-align: center;\">\u00c9cologie et int\u00e9gration sociale, nos engagements quotidiens<\/h2>\n<\/div><\/div><\/div><\/div><\/div><\/div><\/div><\/section><section class=\"l-section wpb_row us_custom_4fd89a8b height_auto width_full\"><div class=\"l-section-h i-cf\"><div class=\"g-cols vc_row via_flex valign_middle type_default stacking_default\"><div class=\"vc_col-sm-12 wpb_column vc_column_container\"><div class=\"vc_column-inner\"><div class=\"wpb_wrapper\"><div class=\"w-image align_center\"><div class=\"w-image-h\"><img decoding=\"async\" width=\"1920\" height=\"1000\" src=\"https:\/\/www.mas-office.com\/wp-content\/uploads\/2017\/09\/mas-ecologia-2.jpg\" class=\"attachment-full size-full\" alt=\"\" loading=\"lazy\" srcset=\"https:\/\/www.mas-office.com\/wp-content\/uploads\/2017\/09\/mas-ecologia-2.jpg 1920w, https:\/\/www.mas-office.com\/wp-content\/uploads\/2017\/09\/mas-ecologia-2-300x156.jpg 300w, https:\/\/www.mas-office.com\/wp-content\/uploads\/2017\/09\/mas-ecologia-2-768x400.jpg 768w, https:\/\/www.mas-office.com\/wp-content\/uploads\/2017\/09\/mas-ecologia-2-1024x533.jpg 1024w\" sizes=\"auto, (max-width: 1920px) 100vw, 1920px\" \/><\/div><\/div><\/div><\/div><\/div><\/div><\/div><\/section>","protected":false},"excerpt":{"rendered":"\u00c0 propos de nousUne entreprise prometteuse forte d\u2019une longue histoire Cr\u00e9\u00e9e en 1974, Mas-Office poursuit son parcours industriel en concevant et fabriquant du mobilier pour le bureau, les collectivit\u00e9s et l\u2019industrie avec la m\u00eame d\u00e9termination qu\u2019\u00e0 ses d\u00e9buts. Travail, qualit\u00e9 et croissance sont ses ma\u00eetres-mots. R&amp;D Un bon d\u00e9but Notre bureau technique con\u00e7oit et contr\u00f4le...","protected":false},"author":1,"featured_media":0,"parent":0,"menu_order":28,"comment_status":"closed","ping_status":"closed","template":"","meta":{"footnotes":""},"class_list":["post-14","page","type-page","status-publish","hentry"],"_links":{"self":[{"href":"https:\/\/www.mas-office.com\/fr\/wp-json\/wp\/v2\/pages\/14","targetHints":{"allow":["GET"]}}],"collection":[{"href":"https:\/\/www.mas-office.com\/fr\/wp-json\/wp\/v2\/pages"}],"about":[{"href":"https:\/\/www.mas-office.com\/fr\/wp-json\/wp\/v2\/types\/page"}],"author":[{"embeddable":true,"href":"https:\/\/www.mas-office.com\/fr\/wp-json\/wp\/v2\/users\/1"}],"replies":[{"embeddable":true,"href":"https:\/\/www.mas-office.com\/fr\/wp-json\/wp\/v2\/comments?post=14"}],"version-history":[{"count":58,"href":"https:\/\/www.mas-office.com\/fr\/wp-json\/wp\/v2\/pages\/14\/revisions"}],"predecessor-version":[{"id":75210,"href":"https:\/\/www.mas-office.com\/fr\/wp-json\/wp\/v2\/pages\/14\/revisions\/75210"}],"wp:attachment":[{"href":"https:\/\/www.mas-office.com\/fr\/wp-json\/wp\/v2\/media?parent=14"}],"curies":[{"name":"wp","href":"https:\/\/api.w.org\/{rel}","templated":true}]}}