{"id":12,"date":"2017-09-04T08:19:01","date_gmt":"2017-09-04T06:19:01","guid":{"rendered":"http:\/\/www.mas-office.com\/?page_id=12"},"modified":"2022-09-05T11:28:41","modified_gmt":"2022-09-05T09:28:41","slug":"proyectos","status":"publish","type":"page","link":"https:\/\/www.mas-office.com\/fr\/proyectos\/","title":{"rendered":"Nos Projets"},"content":{"rendered":"<section class=\"l-section wpb_row height_small color_primary\"><div class=\"l-section-h i-cf\"><div class=\"g-cols vc_row via_flex valign_middle type_default stacking_default\"><div class=\"vc_col-sm-12 wpb_column vc_column_container\"><div class=\"vc_column-inner\"><div class=\"wpb_wrapper\"><h1 class=\"w-post-elm post_title us_custom_607cd7e8 entry-title color_link_inherit\">Nos Projets<\/h1><\/div><\/div><\/div><\/div><\/div><\/section><section class=\"l-section wpb_row height_large\"><div class=\"l-section-h i-cf\"><div class=\"g-cols vc_row via_flex valign_middle type_default stacking_default\"><div class=\"vc_col-sm-12 wpb_column vc_column_container\"><div class=\"vc_column-inner\"><div class=\"wpb_wrapper\"><div class=\"w-grid us_grid type_grid layout_19052 cols_4 preload_style_spinner ratio_1x1\" id=\"us_grid_1\" style=\"--columns:4;--gap:4px;--item-ratio:1;\" data-filterable=\"true\"><style>@media (max-width:1280px){#us_grid_1{--columns:3!important}}@media (max-width:1024px){#us_grid_1{--columns:2!important}}@media (max-width:600px){#us_grid_1{--columns:1!important}}@media (min-width:1024px){#us_grid_1 .w-post-elm.post_title{font-size:22px!important}}.layout_19052 .w-grid-item-h{}.layout_19052 .usg_post_image_1{position:absolute!important;left:0!important;top:0!important;bottom:0!important;right:0!important}.layout_19052 .usg_vwrapper_1{position:absolute!important;left:0!important;top:0!important;bottom:0!important;right:0!important;padding:2rem!important}.layout_19052 .usg_post_title_1{color:inherit!important;font-size:1.4rem!important}<\/style><div class=\"w-grid-list\">\t<article class=\"w-grid-item size_1x1 post-10866 us_portfolio type-us_portfolio status-publish has-post-thumbnail hentry us_portfolio_category-proyectos us_portfolio_category-vestuarios\" data-id=\"10866\">\r\n\t\t<div class=\"w-grid-item-h\">\r\n\t\t\t\t\t\t<div class=\"w-post-elm post_image usg_post_image_1\"><a href=\"https:\/\/www.mas-office.com\/fr\/catalogo\/cube-club-fitness\/\" aria-label=\"Cube Club Fitness\"><img loading=\"lazy\" decoding=\"async\" width=\"600\" height=\"600\" src=\"https:\/\/www.mas-office.com\/wp-content\/uploads\/2017\/09\/mas-cube-01-600x600.jpg\" class=\"attachment-us_600_600_crop size-us_600_600_crop wp-post-image\" alt=\"\" srcset=\"https:\/\/www.mas-office.com\/wp-content\/uploads\/2017\/09\/mas-cube-01-600x600.jpg 600w, https:\/\/www.mas-office.com\/wp-content\/uploads\/2017\/09\/mas-cube-01-150x150.jpg 150w, https:\/\/www.mas-office.com\/wp-content\/uploads\/2017\/09\/mas-cube-01-350x350.jpg 350w\" sizes=\"auto, (max-width: 600px) 100vw, 600px\" \/><\/a><\/div><div class=\"w-vwrapper usg_vwrapper_1 align_center valign_middle has-link\"><h2 class=\"w-post-elm post_title usg_post_title_1 has_text_color entry-title\"><a href=\"https:\/\/www.mas-office.com\/fr\/catalogo\/cube-club-fitness\/\">Cube Club Fitness<\/a><\/h2><a href=\"https:\/\/www.mas-office.com\/fr\/catalogo\/cube-club-fitness\/\" class=\"w-vwrapper-link smooth-scroll\" aria-label=\"Lien\"><\/a><\/div>\t\t<\/div>\r\n\t\t\t<\/article>\r\n\t<article class=\"w-grid-item size_1x1 post-10870 us_portfolio type-us_portfolio status-publish has-post-thumbnail hentry us_portfolio_category-proyectos us_portfolio_category-vestuarios\" data-id=\"10870\">\r\n\t\t<div class=\"w-grid-item-h\">\r\n\t\t\t\t\t\t<div class=\"w-post-elm post_image usg_post_image_1\"><a href=\"https:\/\/www.mas-office.com\/fr\/catalogo\/oller-del-mas\/\" aria-label=\"Club de Golf Oller del Mas\"><img loading=\"lazy\" decoding=\"async\" width=\"600\" height=\"600\" src=\"https:\/\/www.mas-office.com\/wp-content\/uploads\/2020\/09\/05web-1-600x600.jpg\" class=\"attachment-us_600_600_crop size-us_600_600_crop wp-post-image\" alt=\"\" srcset=\"https:\/\/www.mas-office.com\/wp-content\/uploads\/2020\/09\/05web-1-600x600.jpg 600w, https:\/\/www.mas-office.com\/wp-content\/uploads\/2020\/09\/05web-1-150x150.jpg 150w, https:\/\/www.mas-office.com\/wp-content\/uploads\/2020\/09\/05web-1-350x350.jpg 350w\" sizes=\"auto, (max-width: 600px) 100vw, 600px\" \/><\/a><\/div><div class=\"w-vwrapper usg_vwrapper_1 align_center valign_middle has-link\"><h2 class=\"w-post-elm post_title usg_post_title_1 has_text_color entry-title\"><a href=\"https:\/\/www.mas-office.com\/fr\/catalogo\/oller-del-mas\/\">Club de Golf Oller del Mas<\/a><\/h2><a href=\"https:\/\/www.mas-office.com\/fr\/catalogo\/oller-del-mas\/\" class=\"w-vwrapper-link smooth-scroll\" aria-label=\"Lien\"><\/a><\/div>\t\t<\/div>\r\n\t\t\t<\/article>\r\n<\/div>\t<div class=\"w-grid-preloader\">\r\n\t\t<div class=\"g-preloader type_1\">\r\n\t\t\t<div><\/div>\r\n\t\t<\/div>\r\n\t<\/div>\r\n\t\t<div class=\"w-grid-json hidden\" onclick='return {&quot;action&quot;:&quot;us_ajax_grid&quot;,&quot;infinite_scroll&quot;:0,&quot;max_num_pages&quot;:1,&quot;pagination&quot;:&quot;none&quot;,&quot;template_vars&quot;:{&quot;columns&quot;:&quot;4&quot;,&quot;exclude_items&quot;:&quot;none&quot;,&quot;img_size&quot;:&quot;us_600_600_crop&quot;,&quot;ignore_items_size&quot;:0,&quot;items_layout&quot;:&quot;19052&quot;,&quot;items_offset&quot;:&quot;1&quot;,&quot;load_animation&quot;:&quot;none&quot;,&quot;overriding_link&quot;:&quot;{\\&quot;url\\&quot;:\\&quot;\\&quot;}&quot;,&quot;post_id&quot;:0,&quot;query_args&quot;:{&quot;post_type&quot;:[&quot;us_portfolio&quot;],&quot;tax_query&quot;:[{&quot;taxonomy&quot;:&quot;us_portfolio_category&quot;,&quot;field&quot;:&quot;slug&quot;,&quot;terms&quot;:[&quot;proyectos&quot;]}],&quot;post_status&quot;:[&quot;publish&quot;],&quot;posts_per_page&quot;:999},&quot;orderby_query_args&quot;:{&quot;orderby&quot;:{&quot;date&quot;:&quot;DESC&quot;}},&quot;type&quot;:&quot;grid&quot;,&quot;us_grid_post_type&quot;:&quot;us_portfolio&quot;,&quot;us_grid_ajax_index&quot;:1,&quot;us_grid_filter_query_string&quot;:null,&quot;us_grid_index&quot;:1,&quot;page_args&quot;:[]}}'><\/div>\r\n\t<\/div><\/div><\/div><\/div><\/div><\/div><\/section>\n","protected":false},"excerpt":{"rendered":"Club de Golf Oller del Mas Installation sur mesure de vestiaires de club de golf Oller del Mas. Casiers et bancs en mat\u00e9riel ph\u00e9nolique. PROJET: Borr\u00f3s Interiorisme PRODUITS INSTALL\u00c9S Vestiaires Ph\u00e9noliquesBancs Cube","protected":false},"author":1,"featured_media":0,"parent":0,"menu_order":27,"comment_status":"closed","ping_status":"closed","template":"","meta":{"footnotes":""},"class_list":["post-12","page","type-page","status-publish","hentry"],"_links":{"self":[{"href":"https:\/\/www.mas-office.com\/fr\/wp-json\/wp\/v2\/pages\/12","targetHints":{"allow":["GET"]}}],"collection":[{"href":"https:\/\/www.mas-office.com\/fr\/wp-json\/wp\/v2\/pages"}],"about":[{"href":"https:\/\/www.mas-office.com\/fr\/wp-json\/wp\/v2\/types\/page"}],"author":[{"embeddable":true,"href":"https:\/\/www.mas-office.com\/fr\/wp-json\/wp\/v2\/users\/1"}],"replies":[{"embeddable":true,"href":"https:\/\/www.mas-office.com\/fr\/wp-json\/wp\/v2\/comments?post=12"}],"version-history":[{"count":19,"href":"https:\/\/www.mas-office.com\/fr\/wp-json\/wp\/v2\/pages\/12\/revisions"}],"predecessor-version":[{"id":19338,"href":"https:\/\/www.mas-office.com\/fr\/wp-json\/wp\/v2\/pages\/12\/revisions\/19338"}],"wp:attachment":[{"href":"https:\/\/www.mas-office.com\/fr\/wp-json\/wp\/v2\/media?parent=12"}],"curies":[{"name":"wp","href":"https:\/\/api.w.org\/{rel}","templated":true}]}}