{"id":33,"date":"2017-09-04T08:29:15","date_gmt":"2017-09-04T06:29:15","guid":{"rendered":"http:\/\/www.mas-office.com\/?page_id=33"},"modified":"2022-11-08T12:00:54","modified_gmt":"2022-11-08T11:00:54","slug":"archivo-tecnico-tic","status":"publish","type":"page","link":"https:\/\/www.mas-office.com\/ca\/productos\/archivo-tecnico-tic\/","title":{"rendered":"Arxiu T\u00e8cnic &#8211; TIC"},"content":{"rendered":"<section class=\"l-section wpb_row us_custom_e777ee55 has_text_color height_large\"><div class=\"l-section-h i-cf\"><div class=\"g-cols vc_row via_flex valign_top type_default stacking_default\"><div class=\"vc_col-sm-12 wpb_column vc_column_container\"><div class=\"vc_column-inner\"><div class=\"wpb_wrapper\"><div class=\"wpb_text_column\"><div class=\"wpb_wrapper\"><h1 style=\"text-align: center;\"><strong>arxiu t\u00e8cnic &#8211; TIC<\/strong><\/h1>\n<\/div><\/div><div class=\"w-slider style_none fit_scaledown nav_none count_4\"><div class=\"w-slider-h\" aria-hidden=\"true\"><div class=\"royalSlider\"><div class=\"rsContent\"><a class=\"rsImg\" data-rsw=\"1920\" data-rsh=\"985\" href=\"https:\/\/www.mas-office.com\/wp-content\/uploads\/2022\/07\/slider-home-iorder1.jpg\"><span data-alt=\"\"><\/span><\/a><\/div><div class=\"rsContent\"><a class=\"rsImg\" data-rsw=\"1920\" data-rsh=\"985\" href=\"https:\/\/www.mas-office.com\/wp-content\/uploads\/2022\/07\/slider-home-iorder2.jpg\"><span data-alt=\"\"><\/span><\/a><\/div><div class=\"rsContent\"><a class=\"rsImg\" data-rsw=\"1920\" data-rsh=\"985\" href=\"https:\/\/www.mas-office.com\/wp-content\/uploads\/2022\/07\/slider-home-iorder3.jpg\"><span data-alt=\"\"><\/span><\/a><\/div><div class=\"rsContent\"><a class=\"rsImg\" data-rsw=\"1920\" data-rsh=\"985\" href=\"https:\/\/www.mas-office.com\/wp-content\/uploads\/2022\/07\/slider-home-iorder4.jpg\"><span data-alt=\"\"><\/span><\/a><\/div><\/div><img decoding=\"async\" src=\"https:\/\/www.mas-office.com\/wp-content\/uploads\/2022\/07\/slider-home-iorder1.jpg\" width=\"1920\" height=\"985\" alt loading=\"lazy\"><\/div><div class=\"w-slider-json\" onclick='return {&quot;autoScaleSlider&quot;:true,&quot;addActiveClass&quot;:true,&quot;loop&quot;:true,&quot;fadeInLoadedSlide&quot;:false,&quot;slidesSpacing&quot;:0,&quot;imageScalePadding&quot;:0,&quot;numImagesToPreload&quot;:2,&quot;arrowsNav&quot;:true,&quot;arrowsNavAutoHide&quot;:true,&quot;transitionType&quot;:&quot;move&quot;,&quot;transitionSpeed&quot;:1000,&quot;block&quot;:{&quot;moveEffect&quot;:&quot;none&quot;,&quot;speed&quot;:300},&quot;thumbs&quot;:{&quot;fitInViewport&quot;:false,&quot;firstMargin&quot;:false,&quot;spacing&quot;:4},&quot;controlNavigation&quot;:&quot;none&quot;,&quot;autoplay&quot;:{&quot;enabled&quot;:true,&quot;pauseOnHover&quot;:false,&quot;delay&quot;:4000},&quot;autoScaleSliderWidth&quot;:1920,&quot;autoScaleSliderHeight&quot;:985}'><\/div><\/div><div class=\"w-separator size_medium\"><\/div><div class=\"g-cols wpb_row via_flex valign_top type_default stacking_default\"><div class=\"vc_col-sm-2 wpb_column vc_column_container\"><div class=\"vc_column-inner\"><div class=\"wpb_wrapper\"><\/div><\/div><\/div><div class=\"vc_col-sm-8 wpb_column vc_column_container\"><div class=\"vc_column-inner\"><div class=\"wpb_wrapper\"><div class=\"wpb_text_column\"><div class=\"wpb_wrapper\"><h3 style=\"text-align: center;\">Et presentem els nostres armaris intel\u00b7ligents<\/h3>\n<p style=\"text-align: center;\">iOrder \u00e9s la nostra gamma d&#8217;armaris per a l&#8217;emmagatzematge de dispositius electr\u00f2nics de manera segura i ergon\u00f2mica.<\/p>\n<\/div><\/div><\/div><\/div><\/div><div class=\"vc_col-sm-2 wpb_column vc_column_container\"><div class=\"vc_column-inner\"><div class=\"wpb_wrapper\"><\/div><\/div><\/div><\/div><div class=\"w-separator size_medium\"><\/div><div class=\"g-cols wpb_row via_flex valign_top type_default stacking_default\"><div class=\"vc_col-sm-2 wpb_column vc_column_container\"><div class=\"vc_column-inner\"><div class=\"wpb_wrapper\"><\/div><\/div><\/div><div class=\"vc_col-sm-8 wpb_column vc_column_container\"><div class=\"vc_column-inner\"><div class=\"wpb_wrapper\"><div class=\"wpb_text_column\"><div class=\"wpb_wrapper\"><h4 style=\"text-align: center;\">Descarrega el nou cat\u00e0leg iOrder<\/h4>\n<\/div><\/div><div class=\"w-separator size_small\"><\/div><div class=\"w-iconbox iconpos_top style_default color_primary align_center no_text icontype_img\"><a target=\"_blank\" rel=\"nofollow\" href=\"https:\/\/www.mas-office.com\/wp-content\/uploads\/2022\/11\/cataleg_iOrder22_72.pdf\" class=\"w-iconbox-link\" aria-label=\"iOrder 2022\"><div class=\"w-iconbox-icon\" style=\"font-size:200px;\"><img loading=\"lazy\" decoding=\"async\" width=\"1080\" height=\"1080\" src=\"https:\/\/www.mas-office.com\/wp-content\/uploads\/2022\/11\/cataleg_iOrder22.jpg\" class=\"attachment-full size-full\" alt=\"\" srcset=\"https:\/\/www.mas-office.com\/wp-content\/uploads\/2022\/11\/cataleg_iOrder22.jpg 1080w, https:\/\/www.mas-office.com\/wp-content\/uploads\/2022\/11\/cataleg_iOrder22-300x300.jpg 300w, https:\/\/www.mas-office.com\/wp-content\/uploads\/2022\/11\/cataleg_iOrder22-1024x1024.jpg 1024w, https:\/\/www.mas-office.com\/wp-content\/uploads\/2022\/11\/cataleg_iOrder22-150x150.jpg 150w, https:\/\/www.mas-office.com\/wp-content\/uploads\/2022\/11\/cataleg_iOrder22-350x350.jpg 350w, https:\/\/www.mas-office.com\/wp-content\/uploads\/2022\/11\/cataleg_iOrder22-600x600.jpg 600w, https:\/\/www.mas-office.com\/wp-content\/uploads\/2022\/11\/cataleg_iOrder22-768x768.jpg 768w\" sizes=\"auto, (max-width: 1080px) 100vw, 1080px\" \/><\/div><\/a><div class=\"w-iconbox-meta\"><h5 class=\"w-iconbox-title\"><a target=\"_blank\" rel=\"nofollow\" href=\"https:\/\/www.mas-office.com\/wp-content\/uploads\/2022\/11\/cataleg_iOrder22_72.pdf\" class=\"w-iconbox-link\" aria-label=\"iOrder 2022\">iOrder 2022<\/a><\/h5><\/div><\/div><\/div><\/div><\/div><div class=\"vc_col-sm-2 wpb_column vc_column_container\"><div class=\"vc_column-inner\"><div class=\"wpb_wrapper\"><\/div><\/div><\/div><\/div><\/div><\/div><\/div><\/div><\/div><\/section><section class=\"l-section wpb_row height_small\"><div class=\"l-section-h i-cf\"><div class=\"g-cols vc_row via_flex valign_top type_default stacking_default\"><div class=\"vc_col-sm-12 wpb_column vc_column_container has_bg_color\"><div class=\"vc_column-inner us_custom_bc30bd95\"><div class=\"wpb_wrapper\"><div class=\"wpb_text_column\"><div class=\"wpb_wrapper\"><h5 style=\"text-align: center;\"><a href=\"http:\/\/www.mas-office.com\/productos\/archivo-tecnico-tic\/iorder\/\"><strong>iOrder \u203a<\/strong><\/a><\/h5>\n<\/div><\/div><div class=\"w-grid us_grid type_grid layout_19000 cols_4 pagination_infinite preload_style_spinner ratio_1x1\" id=\"us_grid_2\" style=\"--columns:4;--gap:4px;--item-ratio:1;\" data-filterable=\"true\"><style>@media (max-width:1280px){#us_grid_2{--columns:3!important}}@media (max-width:1024px){#us_grid_2{--columns:2!important}}@media (max-width:600px){#us_grid_2{--columns:1!important}}@media (min-width:1024px){#us_grid_2 .w-post-elm.post_title{font-size:22px!important}}<\/style><div class=\"w-grid-list\">\t<article class=\"w-grid-item size_1x1 post-68920 us_portfolio type-us_portfolio status-publish has-post-thumbnail hentry us_portfolio_category-archivo-tecnico-tic us_portfolio_category-iorder\" data-id=\"68920\">\r\n\t\t<div class=\"w-grid-item-h\">\r\n\t\t\t\t\t\t<div class=\"w-post-elm post_image usg_post_image_1 stretched\"><a href=\"https:\/\/www.mas-office.com\/ca\/catalogo\/iorder-smart-mmt-1200\/\" aria-label=\"iOrder smart\"><img loading=\"lazy\" decoding=\"async\" width=\"1080\" height=\"1920\" src=\"https:\/\/www.mas-office.com\/wp-content\/uploads\/2022\/10\/iOrder_smart_00a.jpg\" class=\"attachment-full size-full wp-post-image\" alt=\"\" srcset=\"https:\/\/www.mas-office.com\/wp-content\/uploads\/2022\/10\/iOrder_smart_00a.jpg 1080w, https:\/\/www.mas-office.com\/wp-content\/uploads\/2022\/10\/iOrder_smart_00a-169x300.jpg 169w, https:\/\/www.mas-office.com\/wp-content\/uploads\/2022\/10\/iOrder_smart_00a-576x1024.jpg 576w, https:\/\/www.mas-office.com\/wp-content\/uploads\/2022\/10\/iOrder_smart_00a-768x1365.jpg 768w\" sizes=\"auto, (max-width: 1080px) 100vw, 1080px\" \/><\/a><\/div><div class=\"w-vwrapper usg_vwrapper_1 align_center valign_top\"><h2 class=\"w-post-elm post_title usg_post_title_1 entry-title color_link_inherit\">iOrder smart<\/h2><\/div>\t\t<\/div>\r\n\t\t\t<\/article>\r\n\t<article class=\"w-grid-item size_1x1 post-2444 us_portfolio type-us_portfolio status-publish has-post-thumbnail hentry us_portfolio_category-archivo-tecnico-tic us_portfolio_category-iorder\" data-id=\"2444\">\r\n\t\t<div class=\"w-grid-item-h\">\r\n\t\t\t\t\t\t<div class=\"w-post-elm post_image usg_post_image_1 stretched\"><a href=\"https:\/\/www.mas-office.com\/ca\/catalogo\/iorder-book-mmo\/\" aria-label=\"iOrder book\"><img loading=\"lazy\" decoding=\"async\" width=\"2160\" height=\"1920\" src=\"https:\/\/www.mas-office.com\/wp-content\/uploads\/2019\/09\/iOrder_book_00a.jpg\" class=\"attachment-full size-full wp-post-image\" alt=\"\" srcset=\"https:\/\/www.mas-office.com\/wp-content\/uploads\/2019\/09\/iOrder_book_00a.jpg 2160w, https:\/\/www.mas-office.com\/wp-content\/uploads\/2019\/09\/iOrder_book_00a-300x267.jpg 300w, https:\/\/www.mas-office.com\/wp-content\/uploads\/2019\/09\/iOrder_book_00a-1024x910.jpg 1024w, https:\/\/www.mas-office.com\/wp-content\/uploads\/2019\/09\/iOrder_book_00a-768x683.jpg 768w\" sizes=\"auto, (max-width: 2160px) 100vw, 2160px\" \/><\/a><\/div><div class=\"w-vwrapper usg_vwrapper_1 align_center valign_top\"><h2 class=\"w-post-elm post_title usg_post_title_1 entry-title color_link_inherit\">iOrder book<\/h2><\/div>\t\t<\/div>\r\n\t\t\t<\/article>\r\n\t<article class=\"w-grid-item size_1x1 post-2450 us_portfolio type-us_portfolio status-publish has-post-thumbnail hentry us_portfolio_category-archivo-tecnico-tic us_portfolio_category-iorder\" data-id=\"2450\">\r\n\t\t<div class=\"w-grid-item-h\">\r\n\t\t\t\t\t\t<div class=\"w-post-elm post_image usg_post_image_1 stretched\"><a href=\"https:\/\/www.mas-office.com\/ca\/catalogo\/iorder-book-two-side-mmt\/\" aria-label=\"iOrder book two-side\"><img loading=\"lazy\" decoding=\"async\" width=\"540\" height=\"1920\" src=\"https:\/\/www.mas-office.com\/wp-content\/uploads\/2019\/09\/iOrder_book_two-side_00a.jpg\" class=\"attachment-full size-full wp-post-image\" alt=\"\" srcset=\"https:\/\/www.mas-office.com\/wp-content\/uploads\/2019\/09\/iOrder_book_two-side_00a.jpg 540w, https:\/\/www.mas-office.com\/wp-content\/uploads\/2019\/09\/iOrder_book_two-side_00a-84x300.jpg 84w, https:\/\/www.mas-office.com\/wp-content\/uploads\/2019\/09\/iOrder_book_two-side_00a-288x1024.jpg 288w\" sizes=\"auto, (max-width: 540px) 100vw, 540px\" \/><\/a><\/div><div class=\"w-vwrapper usg_vwrapper_1 align_center valign_top\"><h2 class=\"w-post-elm post_title usg_post_title_1 entry-title color_link_inherit\">iOrder book two-side<\/h2><\/div>\t\t<\/div>\r\n\t\t\t<\/article>\r\n\t<article class=\"w-grid-item size_1x1 post-70595 us_portfolio type-us_portfolio status-publish has-post-thumbnail hentry us_portfolio_category-archivo-tecnico-tic us_portfolio_category-iorder\" data-id=\"70595\">\r\n\t\t<div class=\"w-grid-item-h\">\r\n\t\t\t\t\t\t<div class=\"w-post-elm post_image usg_post_image_1 stretched\"><a href=\"https:\/\/www.mas-office.com\/ca\/catalogo\/iorder-mini\/\" aria-label=\"iOrder mini\"><img loading=\"lazy\" decoding=\"async\" width=\"540\" height=\"1920\" src=\"https:\/\/www.mas-office.com\/wp-content\/uploads\/2023\/01\/iOrder_mini_00a.jpg\" class=\"attachment-full size-full wp-post-image\" alt=\"\" srcset=\"https:\/\/www.mas-office.com\/wp-content\/uploads\/2023\/01\/iOrder_mini_00a.jpg 540w, https:\/\/www.mas-office.com\/wp-content\/uploads\/2023\/01\/iOrder_mini_00a-84x300.jpg 84w, https:\/\/www.mas-office.com\/wp-content\/uploads\/2023\/01\/iOrder_mini_00a-288x1024.jpg 288w\" sizes=\"auto, (max-width: 540px) 100vw, 540px\" \/><\/a><\/div><div class=\"w-vwrapper usg_vwrapper_1 align_center valign_top\"><h2 class=\"w-post-elm post_title usg_post_title_1 entry-title color_link_inherit\">iOrder mini<\/h2><\/div>\t\t<\/div>\r\n\t\t\t<\/article>\r\n\t<article class=\"w-grid-item size_1x1 post-2441 us_portfolio type-us_portfolio status-publish has-post-thumbnail hentry us_portfolio_category-archivo-tecnico-tic us_portfolio_category-iorder\" data-id=\"2441\">\r\n\t\t<div class=\"w-grid-item-h\">\r\n\t\t\t\t\t\t<div class=\"w-post-elm post_image usg_post_image_1 stretched\"><a href=\"https:\/\/www.mas-office.com\/ca\/catalogo\/iorder-pad-mmo\/\" aria-label=\"iOrder pad\"><img loading=\"lazy\" decoding=\"async\" width=\"540\" height=\"1920\" src=\"https:\/\/www.mas-office.com\/wp-content\/uploads\/2019\/09\/iOrder_pad_00a.jpg\" class=\"attachment-full size-full wp-post-image\" alt=\"\" srcset=\"https:\/\/www.mas-office.com\/wp-content\/uploads\/2019\/09\/iOrder_pad_00a.jpg 540w, https:\/\/www.mas-office.com\/wp-content\/uploads\/2019\/09\/iOrder_pad_00a-84x300.jpg 84w, https:\/\/www.mas-office.com\/wp-content\/uploads\/2019\/09\/iOrder_pad_00a-288x1024.jpg 288w\" sizes=\"auto, (max-width: 540px) 100vw, 540px\" \/><\/a><\/div><div class=\"w-vwrapper usg_vwrapper_1 align_center valign_top\"><h2 class=\"w-post-elm post_title usg_post_title_1 entry-title color_link_inherit\">iOrder pad<\/h2><\/div>\t\t<\/div>\r\n\t\t\t<\/article>\r\n\t<article class=\"w-grid-item size_1x1 post-70624 us_portfolio type-us_portfolio status-publish has-post-thumbnail hentry us_portfolio_category-archivo-tecnico-tic us_portfolio_category-iorder\" data-id=\"70624\">\r\n\t\t<div class=\"w-grid-item-h\">\r\n\t\t\t\t\t\t<div class=\"w-post-elm post_image usg_post_image_1 stretched\"><a href=\"https:\/\/www.mas-office.com\/ca\/catalogo\/iorder-specials\/\" aria-label=\"iOrder specials\"><img loading=\"lazy\" decoding=\"async\" width=\"1080\" height=\"1920\" src=\"https:\/\/www.mas-office.com\/wp-content\/uploads\/2023\/01\/iOrder_specials_00a.jpg\" class=\"attachment-full size-full wp-post-image\" alt=\"\" srcset=\"https:\/\/www.mas-office.com\/wp-content\/uploads\/2023\/01\/iOrder_specials_00a.jpg 1080w, https:\/\/www.mas-office.com\/wp-content\/uploads\/2023\/01\/iOrder_specials_00a-169x300.jpg 169w, https:\/\/www.mas-office.com\/wp-content\/uploads\/2023\/01\/iOrder_specials_00a-576x1024.jpg 576w, https:\/\/www.mas-office.com\/wp-content\/uploads\/2023\/01\/iOrder_specials_00a-768x1365.jpg 768w\" sizes=\"auto, (max-width: 1080px) 100vw, 1080px\" \/><\/a><\/div><div class=\"w-vwrapper usg_vwrapper_1 align_center valign_top\"><h2 class=\"w-post-elm post_title usg_post_title_1 entry-title color_link_inherit\">iOrder specials<\/h2><\/div>\t\t<\/div>\r\n\t\t\t<\/article>\r\n\t<article class=\"w-grid-item size_1x1 post-2530 us_portfolio type-us_portfolio status-publish has-post-thumbnail hentry us_portfolio_category-archivo-tecnico-tic us_portfolio_category-iorder\" data-id=\"2530\">\r\n\t\t<div class=\"w-grid-item-h\">\r\n\t\t\t\t\t\t<div class=\"w-post-elm post_image usg_post_image_1 stretched\"><a href=\"https:\/\/www.mas-office.com\/ca\/catalogo\/iorder-audiovisual-mtv\/\" aria-label=\"iOrder audiovisual\"><img loading=\"lazy\" decoding=\"async\" width=\"540\" height=\"1920\" src=\"https:\/\/www.mas-office.com\/wp-content\/uploads\/2019\/09\/iOrder_audiovisual_00a.jpg\" class=\"attachment-full size-full wp-post-image\" alt=\"\" srcset=\"https:\/\/www.mas-office.com\/wp-content\/uploads\/2019\/09\/iOrder_audiovisual_00a.jpg 540w, https:\/\/www.mas-office.com\/wp-content\/uploads\/2019\/09\/iOrder_audiovisual_00a-84x300.jpg 84w, https:\/\/www.mas-office.com\/wp-content\/uploads\/2019\/09\/iOrder_audiovisual_00a-288x1024.jpg 288w\" sizes=\"auto, (max-width: 540px) 100vw, 540px\" \/><\/a><\/div><div class=\"w-vwrapper usg_vwrapper_1 align_center valign_top\"><h2 class=\"w-post-elm post_title usg_post_title_1 entry-title color_link_inherit\">iOrder audiovisual<\/h2><\/div>\t\t<\/div>\r\n\t\t\t<\/article>\r\n<\/div>\t<div class=\"w-grid-preloader\">\r\n\t\t<div class=\"g-preloader type_1\">\r\n\t\t\t<div><\/div>\r\n\t\t<\/div>\r\n\t<\/div>\r\n\t\t<div class=\"w-grid-json hidden\" onclick='return {&quot;action&quot;:&quot;us_ajax_grid&quot;,&quot;infinite_scroll&quot;:0,&quot;max_num_pages&quot;:1,&quot;pagination&quot;:&quot;infinite&quot;,&quot;template_vars&quot;:{&quot;columns&quot;:&quot;4&quot;,&quot;exclude_items&quot;:&quot;none&quot;,&quot;img_size&quot;:&quot;full&quot;,&quot;ignore_items_size&quot;:0,&quot;items_layout&quot;:&quot;19000&quot;,&quot;items_offset&quot;:&quot;1&quot;,&quot;load_animation&quot;:&quot;none&quot;,&quot;overriding_link&quot;:&quot;{\\&quot;url\\&quot;:\\&quot;\\&quot;}&quot;,&quot;post_id&quot;:0,&quot;query_args&quot;:{&quot;post_type&quot;:[&quot;us_portfolio&quot;],&quot;tax_query&quot;:[{&quot;taxonomy&quot;:&quot;us_portfolio_category&quot;,&quot;field&quot;:&quot;slug&quot;,&quot;terms&quot;:[&quot;iorder&quot;]}],&quot;post_status&quot;:[&quot;publish&quot;],&quot;posts_per_page&quot;:999},&quot;orderby_query_args&quot;:{&quot;orderby&quot;:{&quot;date&quot;:&quot;DESC&quot;}},&quot;type&quot;:&quot;grid&quot;,&quot;us_grid_post_type&quot;:&quot;us_portfolio&quot;,&quot;us_grid_ajax_index&quot;:2,&quot;us_grid_filter_query_string&quot;:null,&quot;us_grid_index&quot;:2,&quot;page_args&quot;:[]}}'><\/div>\r\n\t<\/div><\/div><\/div><\/div><\/div><\/div><\/section>","protected":false},"excerpt":{"rendered":"iOrder audiovisual MTV Especialista en audiovisuals Armari audiovisuals MTV. Practicable per les dues cares. La part frontal t\u00e9 una porta i la part posterior t\u00e9 dues portes. Rodes i nanses laterals per a una \u00f2ptima mobilitat. Prestatge amb guies telesc\u00f2piques de sortida total amb sistema antibolcada. Prestatge regulable. Amb magnetot\u00e8rmic per a m\u00e0xima seguretat el\u00e8ctrica....","protected":false},"author":1,"featured_media":0,"parent":10,"menu_order":17,"comment_status":"closed","ping_status":"closed","template":"","meta":{"footnotes":""},"class_list":["post-33","page","type-page","status-publish","hentry"],"_links":{"self":[{"href":"https:\/\/www.mas-office.com\/ca\/wp-json\/wp\/v2\/pages\/33","targetHints":{"allow":["GET"]}}],"collection":[{"href":"https:\/\/www.mas-office.com\/ca\/wp-json\/wp\/v2\/pages"}],"about":[{"href":"https:\/\/www.mas-office.com\/ca\/wp-json\/wp\/v2\/types\/page"}],"author":[{"embeddable":true,"href":"https:\/\/www.mas-office.com\/ca\/wp-json\/wp\/v2\/users\/1"}],"replies":[{"embeddable":true,"href":"https:\/\/www.mas-office.com\/ca\/wp-json\/wp\/v2\/comments?post=33"}],"version-history":[{"count":26,"href":"https:\/\/www.mas-office.com\/ca\/wp-json\/wp\/v2\/pages\/33\/revisions"}],"predecessor-version":[{"id":69183,"href":"https:\/\/www.mas-office.com\/ca\/wp-json\/wp\/v2\/pages\/33\/revisions\/69183"}],"up":[{"embeddable":true,"href":"https:\/\/www.mas-office.com\/ca\/wp-json\/wp\/v2\/pages\/10"}],"wp:attachment":[{"href":"https:\/\/www.mas-office.com\/ca\/wp-json\/wp\/v2\/media?parent=33"}],"curies":[{"name":"wp","href":"https:\/\/api.w.org\/{rel}","templated":true}]}}