{"id":31,"date":"2017-09-04T08:28:33","date_gmt":"2017-09-04T06:28:33","guid":{"rendered":"http:\/\/www.mas-office.com\/?page_id=31"},"modified":"2022-09-05T11:33:10","modified_gmt":"2022-09-05T09:33:10","slug":"instalaciones-install","status":"publish","type":"page","link":"https:\/\/www.mas-office.com\/ca\/productos\/instalaciones-install\/","title":{"rendered":"Instal\u00b7lacions &#8211; Install"},"content":{"rendered":"<section class=\"l-section wpb_row us_custom_e777ee55 has_text_color height_large\"><div class=\"l-section-h i-cf\"><div class=\"g-cols vc_row via_flex valign_top type_default stacking_default\"><div class=\"vc_col-sm-12 wpb_column vc_column_container\"><div class=\"vc_column-inner\"><div class=\"wpb_wrapper\"><div class=\"wpb_text_column\"><div class=\"wpb_wrapper\"><h1 style=\"text-align: center;\"><strong>instal\u00b7lacions &#8211; install<\/strong><\/h1>\n<\/div><\/div><div class=\"w-image align_center\"><div class=\"w-image-h\"><img decoding=\"async\" width=\"1170\" height=\"600\" src=\"https:\/\/www.mas-office.com\/wp-content\/uploads\/2017\/09\/slider-instalaciones-install.jpg\" class=\"attachment-full size-full\" alt=\"\" loading=\"lazy\" srcset=\"https:\/\/www.mas-office.com\/wp-content\/uploads\/2017\/09\/slider-instalaciones-install.jpg 1170w, https:\/\/www.mas-office.com\/wp-content\/uploads\/2017\/09\/slider-instalaciones-install-300x154.jpg 300w, https:\/\/www.mas-office.com\/wp-content\/uploads\/2017\/09\/slider-instalaciones-install-768x394.jpg 768w, https:\/\/www.mas-office.com\/wp-content\/uploads\/2017\/09\/slider-instalaciones-install-1024x525.jpg 1024w\" sizes=\"auto, (max-width: 1170px) 100vw, 1170px\" \/><\/div><\/div><div class=\"w-separator size_medium\"><\/div><div class=\"g-cols wpb_row via_flex valign_top type_default stacking_default\"><div class=\"vc_col-sm-2 wpb_column vc_column_container\"><div class=\"vc_column-inner\"><div class=\"wpb_wrapper\"><\/div><\/div><\/div><div class=\"vc_col-sm-8 wpb_column vc_column_container\"><div class=\"vc_column-inner\"><div class=\"wpb_wrapper\"><div class=\"wpb_text_column\"><div class=\"wpb_wrapper\"><h3 style=\"text-align: center;\">Install s\u00f3n els sistemes de mampares, cabines sanit\u00e0ries i estructures pensades per a instal\u00b7lacions a mida<\/h3>\n<p style=\"text-align: center;\">Vers\u00e0tils, resistents i higi\u00e8niques, amb material fen\u00f2lic de primera qualitat per adaptar-se a espais d&#8217;\u00fas intensiu. Disseny, qualitat i resist\u00e8ncia a tota prova.<\/p>\n<\/div><\/div><\/div><\/div><\/div><div class=\"vc_col-sm-2 wpb_column vc_column_container\"><div class=\"vc_column-inner\"><div class=\"wpb_wrapper\"><\/div><\/div><\/div><\/div><\/div><\/div><\/div><\/div><\/div><\/section><section class=\"l-section wpb_row height_small\"><div class=\"l-section-h i-cf\"><div class=\"g-cols vc_row via_flex valign_top type_default stacking_default\"><div class=\"vc_col-sm-12 wpb_column vc_column_container has_bg_color\"><div class=\"vc_column-inner us_custom_bc30bd95\"><div class=\"wpb_wrapper\"><div class=\"wpb_text_column\"><div class=\"wpb_wrapper\"><h5 style=\"text-align: center;\"><a href=\"http:\/\/www.mas-office.com\/productos\/instalaciones-install\/cabinas\/\"><strong>Cabines \u203a<\/strong><\/a><\/h5>\n<\/div><\/div><div class=\"w-grid us_grid type_grid layout_19055 cols_4 pagination_infinite preload_style_spinner ratio_1x1\" id=\"us_grid_3\" style=\"--columns:4;--gap:4px;--item-ratio:1;\" data-filterable=\"true\"><style>@media (max-width:1280px){#us_grid_3{--columns:3!important}}@media (max-width:1024px){#us_grid_3{--columns:2!important}}@media (max-width:600px){#us_grid_3{--columns:1!important}}@media (min-width:1024px){#us_grid_3 .w-post-elm.post_title{font-size:22px!important}}<\/style><div class=\"w-grid-list\">\t<article class=\"w-grid-item size_1x1 post-1621 us_portfolio type-us_portfolio status-publish has-post-thumbnail hentry us_portfolio_category-cabinas us_portfolio_category-instalaciones-install\" data-id=\"1621\">\r\n\t\t<div class=\"w-grid-item-h\">\r\n\t\t\t\t\t\t<div class=\"w-post-elm post_image usg_post_image_1 stretched\"><a href=\"https:\/\/www.mas-office.com\/ca\/catalogo\/cabinas\/\" aria-label=\"Cabines\"><img loading=\"lazy\" decoding=\"async\" width=\"1920\" height=\"1920\" src=\"https:\/\/www.mas-office.com\/wp-content\/uploads\/2017\/11\/cabinas.jpg\" class=\"attachment-full size-full wp-post-image\" alt=\"\" srcset=\"https:\/\/www.mas-office.com\/wp-content\/uploads\/2017\/11\/cabinas.jpg 1920w, https:\/\/www.mas-office.com\/wp-content\/uploads\/2017\/11\/cabinas-150x150.jpg 150w, https:\/\/www.mas-office.com\/wp-content\/uploads\/2017\/11\/cabinas-300x300.jpg 300w, https:\/\/www.mas-office.com\/wp-content\/uploads\/2017\/11\/cabinas-768x768.jpg 768w, https:\/\/www.mas-office.com\/wp-content\/uploads\/2017\/11\/cabinas-1024x1024.jpg 1024w, https:\/\/www.mas-office.com\/wp-content\/uploads\/2017\/11\/cabinas-600x600.jpg 600w, https:\/\/www.mas-office.com\/wp-content\/uploads\/2017\/11\/cabinas-350x350.jpg 350w\" sizes=\"auto, (max-width: 1920px) 100vw, 1920px\" \/><\/a><\/div><div class=\"w-vwrapper usg_vwrapper_1 align_center valign_bottom\"><h2 class=\"w-post-elm post_title usg_post_title_1 entry-title color_link_inherit\">Cabines<\/h2><\/div>\t\t<\/div>\r\n\t\t\t<\/article>\r\n<\/div>\t<div class=\"w-grid-preloader\">\r\n\t\t<div class=\"g-preloader type_1\">\r\n\t\t\t<div><\/div>\r\n\t\t<\/div>\r\n\t<\/div>\r\n\t\t<div class=\"w-grid-json hidden\" onclick='return {&quot;action&quot;:&quot;us_ajax_grid&quot;,&quot;infinite_scroll&quot;:0,&quot;max_num_pages&quot;:1,&quot;pagination&quot;:&quot;infinite&quot;,&quot;template_vars&quot;:{&quot;columns&quot;:&quot;4&quot;,&quot;exclude_items&quot;:&quot;none&quot;,&quot;img_size&quot;:&quot;full&quot;,&quot;ignore_items_size&quot;:0,&quot;items_layout&quot;:&quot;19055&quot;,&quot;items_offset&quot;:&quot;1&quot;,&quot;load_animation&quot;:&quot;none&quot;,&quot;overriding_link&quot;:&quot;{\\&quot;url\\&quot;:\\&quot;\\&quot;}&quot;,&quot;post_id&quot;:0,&quot;query_args&quot;:{&quot;post_type&quot;:[&quot;us_portfolio&quot;],&quot;tax_query&quot;:[{&quot;taxonomy&quot;:&quot;us_portfolio_category&quot;,&quot;field&quot;:&quot;slug&quot;,&quot;terms&quot;:[&quot;cabinas&quot;]}],&quot;post_status&quot;:[&quot;publish&quot;],&quot;posts_per_page&quot;:999},&quot;orderby_query_args&quot;:{&quot;orderby&quot;:{&quot;date&quot;:&quot;DESC&quot;}},&quot;type&quot;:&quot;grid&quot;,&quot;us_grid_post_type&quot;:&quot;us_portfolio&quot;,&quot;us_grid_ajax_index&quot;:3,&quot;us_grid_filter_query_string&quot;:null,&quot;us_grid_index&quot;:3,&quot;page_args&quot;:[]}}'><\/div>\r\n\t<\/div><\/div><\/div><\/div><\/div><\/div><\/section><section class=\"l-section wpb_row height_small\"><div class=\"l-section-h i-cf\"><div class=\"g-cols vc_row via_flex valign_top type_default stacking_default\"><div class=\"vc_col-sm-12 wpb_column vc_column_container has_bg_color\"><div class=\"vc_column-inner us_custom_bc30bd95\"><div class=\"wpb_wrapper\"><div class=\"wpb_text_column\"><div class=\"wpb_wrapper\"><h5 style=\"text-align: center;\"><a href=\"http:\/\/www.mas-office.com\/productos\/instalaciones-install\/mamparas\/\"><strong>Mampares \u203a<\/strong><\/a><\/h5>\n<\/div><\/div><div class=\"w-grid us_grid type_grid layout_19055 cols_4 pagination_infinite preload_style_spinner ratio_1x1\" id=\"us_grid_4\" style=\"--columns:4;--gap:4px;--item-ratio:1;\" data-filterable=\"true\"><style>@media (max-width:1280px){#us_grid_4{--columns:3!important}}@media (max-width:1024px){#us_grid_4{--columns:2!important}}@media (max-width:600px){#us_grid_4{--columns:1!important}}@media (min-width:1024px){#us_grid_4 .w-post-elm.post_title{font-size:22px!important}}<\/style><div class=\"w-grid-list\">\t<article class=\"w-grid-item size_1x1 post-1632 us_portfolio type-us_portfolio status-publish has-post-thumbnail hentry us_portfolio_category-instalaciones-install us_portfolio_category-mamparas\" data-id=\"1632\">\r\n\t\t<div class=\"w-grid-item-h\">\r\n\t\t\t\t\t\t<div class=\"w-post-elm post_image usg_post_image_1 stretched\"><a href=\"https:\/\/www.mas-office.com\/ca\/catalogo\/mampares\/\" aria-label=\"Mampares\"><img loading=\"lazy\" decoding=\"async\" width=\"1920\" height=\"1920\" src=\"https:\/\/www.mas-office.com\/wp-content\/uploads\/2017\/11\/mamparas.jpg\" class=\"attachment-full size-full wp-post-image\" alt=\"\" srcset=\"https:\/\/www.mas-office.com\/wp-content\/uploads\/2017\/11\/mamparas.jpg 1920w, https:\/\/www.mas-office.com\/wp-content\/uploads\/2017\/11\/mamparas-150x150.jpg 150w, https:\/\/www.mas-office.com\/wp-content\/uploads\/2017\/11\/mamparas-300x300.jpg 300w, https:\/\/www.mas-office.com\/wp-content\/uploads\/2017\/11\/mamparas-768x768.jpg 768w, https:\/\/www.mas-office.com\/wp-content\/uploads\/2017\/11\/mamparas-1024x1024.jpg 1024w, https:\/\/www.mas-office.com\/wp-content\/uploads\/2017\/11\/mamparas-600x600.jpg 600w, https:\/\/www.mas-office.com\/wp-content\/uploads\/2017\/11\/mamparas-350x350.jpg 350w\" sizes=\"auto, (max-width: 1920px) 100vw, 1920px\" \/><\/a><\/div><div class=\"w-vwrapper usg_vwrapper_1 align_center valign_bottom\"><h2 class=\"w-post-elm post_title usg_post_title_1 entry-title color_link_inherit\">Mampares<\/h2><\/div>\t\t<\/div>\r\n\t\t\t<\/article>\r\n<\/div>\t<div class=\"w-grid-preloader\">\r\n\t\t<div class=\"g-preloader type_1\">\r\n\t\t\t<div><\/div>\r\n\t\t<\/div>\r\n\t<\/div>\r\n\t\t<div class=\"w-grid-json hidden\" onclick='return {&quot;action&quot;:&quot;us_ajax_grid&quot;,&quot;infinite_scroll&quot;:0,&quot;max_num_pages&quot;:1,&quot;pagination&quot;:&quot;infinite&quot;,&quot;template_vars&quot;:{&quot;columns&quot;:&quot;4&quot;,&quot;exclude_items&quot;:&quot;none&quot;,&quot;img_size&quot;:&quot;full&quot;,&quot;ignore_items_size&quot;:0,&quot;items_layout&quot;:&quot;19055&quot;,&quot;items_offset&quot;:&quot;1&quot;,&quot;load_animation&quot;:&quot;none&quot;,&quot;overriding_link&quot;:&quot;{\\&quot;url\\&quot;:\\&quot;\\&quot;}&quot;,&quot;post_id&quot;:0,&quot;query_args&quot;:{&quot;post_type&quot;:[&quot;us_portfolio&quot;],&quot;tax_query&quot;:[{&quot;taxonomy&quot;:&quot;us_portfolio_category&quot;,&quot;field&quot;:&quot;slug&quot;,&quot;terms&quot;:[&quot;mamparas&quot;]}],&quot;post_status&quot;:[&quot;publish&quot;],&quot;posts_per_page&quot;:999},&quot;orderby_query_args&quot;:{&quot;orderby&quot;:{&quot;date&quot;:&quot;DESC&quot;}},&quot;type&quot;:&quot;grid&quot;,&quot;us_grid_post_type&quot;:&quot;us_portfolio&quot;,&quot;us_grid_ajax_index&quot;:4,&quot;us_grid_filter_query_string&quot;:null,&quot;us_grid_index&quot;:4,&quot;page_args&quot;:[]}}'><\/div>\r\n\t<\/div><\/div><\/div><\/div><\/div><\/div><\/section>","protected":false},"excerpt":{"rendered":"mampares Resist\u00e8ncia a l&#8217;\u00fas intensiu al llarg del temps Mas presenta les mampares i estructures constru\u00efdes en material fen\u00f2lic. Alta qualitat, modularitat i personalitzaci\u00f3 d&#8217;acabats. Resist\u00e8ncia a tota prova. Els materials s\u00f3n indicats per a \u00e0rees p\u00fabliques i llocs on la higiene exerceix un paper fonamental com ara hospitals, instal\u00b7lacions esportives, hotels, aeroports, zones spa,...","protected":false},"author":1,"featured_media":0,"parent":10,"menu_order":16,"comment_status":"closed","ping_status":"closed","template":"","meta":{"footnotes":""},"class_list":["post-31","page","type-page","status-publish","hentry"],"_links":{"self":[{"href":"https:\/\/www.mas-office.com\/ca\/wp-json\/wp\/v2\/pages\/31","targetHints":{"allow":["GET"]}}],"collection":[{"href":"https:\/\/www.mas-office.com\/ca\/wp-json\/wp\/v2\/pages"}],"about":[{"href":"https:\/\/www.mas-office.com\/ca\/wp-json\/wp\/v2\/types\/page"}],"author":[{"embeddable":true,"href":"https:\/\/www.mas-office.com\/ca\/wp-json\/wp\/v2\/users\/1"}],"replies":[{"embeddable":true,"href":"https:\/\/www.mas-office.com\/ca\/wp-json\/wp\/v2\/comments?post=31"}],"version-history":[{"count":18,"href":"https:\/\/www.mas-office.com\/ca\/wp-json\/wp\/v2\/pages\/31\/revisions"}],"predecessor-version":[{"id":64751,"href":"https:\/\/www.mas-office.com\/ca\/wp-json\/wp\/v2\/pages\/31\/revisions\/64751"}],"up":[{"embeddable":true,"href":"https:\/\/www.mas-office.com\/ca\/wp-json\/wp\/v2\/pages\/10"}],"wp:attachment":[{"href":"https:\/\/www.mas-office.com\/ca\/wp-json\/wp\/v2\/media?parent=31"}],"curies":[{"name":"wp","href":"https:\/\/api.w.org\/{rel}","templated":true}]}}