{"id":16,"date":"2017-09-04T08:20:25","date_gmt":"2017-09-04T06:20:25","guid":{"rendered":"http:\/\/www.mas-office.com\/?page_id=16"},"modified":"2022-09-05T11:28:52","modified_gmt":"2022-09-05T09:28:52","slug":"contacto","status":"publish","type":"page","link":"https:\/\/www.mas-office.com\/ca\/contacto\/","title":{"rendered":"Contacte"},"content":{"rendered":"<section class=\"l-section wpb_row height_large\"><div class=\"l-section-h i-cf\"><div class=\"g-cols vc_row via_flex valign_top type_default stacking_default\"><div class=\"vc_col-sm-6 wpb_column vc_column_container\"><div class=\"vc_column-inner\"><div class=\"wpb_wrapper\"><div class=\"wpb_text_column\"><div class=\"wpb_wrapper\"><h2>Contacti\u00a0amb nosaltres<\/h2>\n<\/div><\/div>\n<div class=\"wpcf7 no-js\" id=\"wpcf7-f150-o2\" lang=\"es-ES\" dir=\"ltr\" data-wpcf7-id=\"150\">\n<div class=\"screen-reader-response\"><p role=\"status\" aria-live=\"polite\" aria-atomic=\"true\"><\/p> <ul><\/ul><\/div>\n<form action=\"\/ca\/wp-json\/wp\/v2\/pages\/16#wpcf7-f150-o2\" method=\"post\" class=\"wpcf7-form init\" aria-label=\"Formulario de contacto\" novalidate=\"novalidate\" data-status=\"init\">\n<fieldset class=\"hidden-fields-container\"><input type=\"hidden\" name=\"_wpcf7\" value=\"150\" \/><input type=\"hidden\" name=\"_wpcf7_version\" value=\"6.1.5\" \/><input type=\"hidden\" name=\"_wpcf7_locale\" value=\"es_ES\" \/><input type=\"hidden\" name=\"_wpcf7_unit_tag\" value=\"wpcf7-f150-o2\" \/><input type=\"hidden\" name=\"_wpcf7_container_post\" value=\"0\" \/><input type=\"hidden\" name=\"_wpcf7_posted_data_hash\" value=\"\" \/>\n<\/fieldset>\n<style>\ntd {\n border:none;\n padding-left:0;\n}\nspan.wpcf7-form-control-wrap {\n display: inline !important;\n}\nspan.wpcf7-list-item {\n margin: 0 !important;\n}\n<\/style>\n<p><script src='https:\/\/www.google.com\/recaptcha\/api.js'><\/script>\n<\/p>\n<table width=\"100%\" cellpadding=\"0\" cellspacing=\"0\" border=\"0\">\n\t<tr>\n\t\t<td colspan=\"2\">\n\t\t\t<p><span class=\"wpcf7-form-control-wrap\" data-name=\"empresa\"><input size=\"40\" maxlength=\"400\" class=\"wpcf7-form-control wpcf7-text\" aria-invalid=\"false\" placeholder=\"Empresa\" value=\"\" type=\"text\" name=\"empresa\" \/><\/span>\n\t\t\t<\/p>\n\t\t<\/td>\n\t<\/tr>\n\t<tr>\n\t\t<td colspan=\"2\">\n\t\t\t<p>Sector *<span class=\"wpcf7-form-control-wrap\" data-name=\"menu-sector\"><select class=\"wpcf7-form-control wpcf7-select wpcf7-validates-as-required\" aria-required=\"true\" aria-invalid=\"false\" name=\"menu-sector\"><option value=\"\">&#8212;Por favor, elige una opci\u00f3n&#8212;<\/option><option value=\"Ferreteria\">Ferreteria<\/option><option value=\"Distribu\u00efdor oficines\">Distribu\u00efdor oficines<\/option><option value=\"Instal\u00b7lacions esportives\">Instal\u00b7lacions esportives<\/option><option value=\"Administraci\u00f3\">Administraci\u00f3<\/option><option value=\"Arquitectura\">Arquitectura<\/option><option value=\"Interiorisme\">Interiorisme<\/option><option value=\"Contract\">Contract<\/option><option value=\"Venda cat\u00e0legs\">Venda cat\u00e0legs<\/option><option value=\"Camping\">Camping<\/option><option value=\"Altres\">Altres<\/option><\/select><\/span>\n\t\t\t<\/p>\n\t\t<\/td>\n\t<\/tr>\n\t<tr>\n\t\t<td colspan=\"2\">\n\t\t\t<p><span class=\"wpcf7-form-control-wrap\" data-name=\"nom\"><input size=\"40\" maxlength=\"400\" class=\"wpcf7-form-control wpcf7-text wpcf7-validates-as-required\" aria-required=\"true\" aria-invalid=\"false\" placeholder=\"Nom i cognoms*\" value=\"\" type=\"text\" name=\"nom\" \/><\/span>\n\t\t\t<\/p>\n\t\t<\/td>\n\t<\/tr>\n\t<tr>\n\t\t<td colspan=\"2\">\n\t\t\t<p><span class=\"wpcf7-form-control-wrap\" data-name=\"carrec\"><input size=\"40\" maxlength=\"400\" class=\"wpcf7-form-control wpcf7-text wpcf7-validates-as-required\" aria-required=\"true\" aria-invalid=\"false\" placeholder=\"C\u00e0rrec*\" value=\"\" type=\"text\" name=\"carrec\" \/><\/span>\n\t\t\t<\/p>\n\t\t<\/td>\n\t<\/tr>\n\t<tr>\n\t\t<td colspan=\"2\">\n\t\t\t<p><span class=\"wpcf7-form-control-wrap\" data-name=\"email\"><input size=\"40\" maxlength=\"400\" class=\"wpcf7-form-control wpcf7-email wpcf7-validates-as-required wpcf7-text wpcf7-validates-as-email\" aria-required=\"true\" aria-invalid=\"false\" placeholder=\"E-mail*\" value=\"\" type=\"email\" name=\"email\" \/><\/span>\n\t\t\t<\/p>\n\t\t<\/td>\n\t<\/tr>\n\t<tr>\n\t\t<td colspan=\"2\">\n\t\t\t<p><span class=\"wpcf7-form-control-wrap\" data-name=\"adreca\"><input size=\"40\" maxlength=\"400\" class=\"wpcf7-form-control wpcf7-text\" aria-invalid=\"false\" placeholder=\"Adre\u00e7a\" value=\"\" type=\"text\" name=\"adreca\" \/><\/span>\n\t\t\t<\/p>\n\t\t<\/td>\n\t<\/tr>\n\t<tr>\n\t\t<td>\n\t\t\t<p><span class=\"wpcf7-form-control-wrap\" data-name=\"cp\"><input size=\"40\" maxlength=\"400\" class=\"wpcf7-form-control wpcf7-text wpcf7-validates-as-required\" aria-required=\"true\" aria-invalid=\"false\" placeholder=\"CP*\" value=\"\" type=\"text\" name=\"cp\" \/><\/span>\n\t\t\t<\/p>\n\t\t<\/td>\n\t\t<td>\n\t\t\t<p><span class=\"wpcf7-form-control-wrap\" data-name=\"poblacio\"><input size=\"40\" maxlength=\"400\" class=\"wpcf7-form-control wpcf7-text wpcf7-validates-as-required\" aria-required=\"true\" aria-invalid=\"false\" placeholder=\"Poblaci\u00f3*\" value=\"\" type=\"text\" name=\"poblacio\" \/><\/span>\n\t\t\t<\/p>\n\t\t<\/td>\n\t<\/tr>\n\t<tr>\n\t\t<td colspan=\"2\">\n\t\t\t<p><span class=\"wpcf7-form-control-wrap\" data-name=\"pais\"><input size=\"40\" maxlength=\"400\" class=\"wpcf7-form-control wpcf7-text\" aria-invalid=\"false\" placeholder=\"Pa\u00eds\" value=\"\" type=\"text\" name=\"pais\" \/><\/span>\n\t\t\t<\/p>\n\t\t<\/td>\n\t<\/tr>\n\t<tr>\n\t\t<td>\n\t\t\t<p><span class=\"wpcf7-form-control-wrap\" data-name=\"telefon\"><input size=\"40\" maxlength=\"400\" class=\"wpcf7-form-control wpcf7-tel wpcf7-validates-as-required wpcf7-text wpcf7-validates-as-tel\" aria-required=\"true\" aria-invalid=\"false\" placeholder=\"Tel\u00e8fon*\" value=\"\" type=\"tel\" name=\"telefon\" \/><\/span>\n\t\t\t<\/p>\n\t\t<\/td>\n\t\t<td>\n\t\t\t<p><span class=\"wpcf7-form-control-wrap\" data-name=\"fax\"><input size=\"40\" maxlength=\"400\" class=\"wpcf7-form-control wpcf7-tel wpcf7-text wpcf7-validates-as-tel\" aria-invalid=\"false\" placeholder=\"Fax\" value=\"\" type=\"tel\" name=\"fax\" \/><\/span>\n\t\t\t<\/p>\n\t\t<\/td>\n\t<\/tr>\n\t<tr>\n\t\t<td colspan=\"2\">\n\t\t\t<p><span class=\"wpcf7-form-control-wrap\" data-name=\"observacions\"><textarea cols=\"40\" rows=\"10\" maxlength=\"2000\" class=\"wpcf7-form-control wpcf7-textarea\" aria-invalid=\"false\" placeholder=\"Observacions\" name=\"observacions\"><\/textarea><\/span>\n\t\t\t<\/p>\n\t\t<\/td>\n\t<\/tr>\n<\/table>\n<table width=\"100%\" cellpadding=\"0\" cellspacing=\"0\" border=\"0\">\n\t<tr>\n\t\t<td>\n\t\t\t<p style=\"color:#4e5663; line-height:15px;\"><span class=\"wpcf7-form-control-wrap\" data-name=\"privacitat\"><span class=\"wpcf7-form-control wpcf7-acceptance\"><span class=\"wpcf7-list-item\"><input type=\"checkbox\" name=\"privacitat\" value=\"1\" aria-invalid=\"false\" \/><\/span><\/span><\/span> He llegit i accepto l'<a href=\"..\/aviso-legal\/\" target=\"blank\">Av\u00eds Legal<\/a> i la <a href=\"..\/politica-de-privacidad\/\" target=\"blank\">Pol\u00edtica de Privacitat<\/a>.\n\t\t\t<\/p>\n\t\t<\/td>\n\t<\/tr>\n\t<tr>\n\t\t<td>\n\t\t\t<p style=\"color:#4e5663; line-height:15px;\"><span class=\"wpcf7-form-control-wrap\" data-name=\"promos\"><span class=\"wpcf7-form-control wpcf7-acceptance optional\"><span class=\"wpcf7-list-item\"><input type=\"checkbox\" name=\"promos\" value=\"1\" aria-invalid=\"false\" \/><\/span><\/span><\/span> Accepto l'enviament de novetats comercials i\/o noves promocions dels seus productes i serveis.\n\t\t\t<\/p>\n\t\t<\/td>\n\t<\/tr>\n\t<tr>\n\t\t<td>\n\t\t\t<p style=\"color:#ff3617;\">* Camps obligatoris\n\t\t\t<\/p>\n\t\t<\/td>\n\t<\/tr>\n\t<tr>\n\t\t<td>\n\t\t\t<div class=\"g-recaptcha\" data-sitekey=\"6LcmiDIUAAAAAEc2AEkZbxqu3wPtuxDvLYMQgu67\">\n\t\t\t<\/div>\n\t\t<\/td>\n\t<\/tr>\n\t<tr>\n\t\t<td>\n\t\t\t<p><input class=\"wpcf7-form-control wpcf7-submit has-spinner\" type=\"submit\" value=\"Enviar\" \/>\n\t\t\t<\/p>\n\t\t<\/td>\n\t<\/tr>\n<\/table><p style=\"display: none !important;\" class=\"akismet-fields-container\" data-prefix=\"_wpcf7_ak_\"><label>&#916;<textarea name=\"_wpcf7_ak_hp_textarea\" cols=\"45\" rows=\"8\" maxlength=\"100\"><\/textarea><\/label><input type=\"hidden\" id=\"ak_js_2\" name=\"_wpcf7_ak_js\" value=\"41\"\/><script>\ndocument.getElementById( \"ak_js_2\" ).setAttribute( \"value\", ( new Date() ).getTime() );\n<\/script>\n<\/p><div class=\"wpcf7-response-output\" aria-hidden=\"true\"><\/div>\n<\/form>\n<\/div>\n<\/div><\/div><\/div><div class=\"vc_col-sm-6 wpb_column vc_column_container\"><div class=\"vc_column-inner\"><div class=\"wpb_wrapper\"><div class=\"wpb_text_column\"><div class=\"wpb_wrapper\"><h2>On som<\/h2>\n<\/div><\/div><div class=\"w-separator size_small\"><\/div>[vc_raw_html]JTNDaWZyYW1lJTIwc3JjJTNEJTIyaHR0cHMlM0ElMkYlMkZ3d3cuZ29vZ2xlLmNvbSUyRm1hcHMlMkZlbWJlZCUzRnBiJTNEJTIxMW0xOCUyMTFtMTIlMjExbTMlMjExZDI5NzMuNTI5OTIxOTE1MDY0MyUyMTJkMi4yMzY5MzYzMTcyNTg2MTQ1JTIxM2Q0MS44MTY4ODU5NTY0Mzk2NSUyMTJtMyUyMTFmMCUyMTJmMCUyMTNmMCUyMTNtMiUyMTFpMTAyNCUyMTJpNzY4JTIxNGYxMy4xJTIxM20zJTIxMW0yJTIxMXMweDEyYTRkYmUxOTE4Yzk2OTElMjUzQTB4NDQxZTgxNTIxYTc3ZDBkOSUyMTJzTWFzJTI1MjBPZmZpY2UlMjE1ZTAlMjEzbTIlMjExc2NhJTIxMnNlcyUyMTR2MTU2OTQxODk0MjgxMyUyMTVtMiUyMTFzY2ElMjEyc2VzJTIyJTIwd2lkdGglM0QlMjIxMDAlMjUlMjIlMjBoZWlnaHQlM0QlMjI0MDAlMjIlMjBmcmFtZWJvcmRlciUzRCUyMjAlMjIlMjBzdHlsZSUzRCUyMmJvcmRlciUzQTAlM0IlMjIlMjBhbGxvd2Z1bGxzY3JlZW4lM0QlMjIlMjIlM0UlM0MlMkZpZnJhbWUlM0U=[\/vc_raw_html]<div class=\"w-separator size_small\"><\/div><div class=\"wpb_text_column\"><div class=\"wpb_wrapper\"><h5><strong>OFICINA CENTRAL I PLANTA DE PRODUCCI\u00d3<\/strong><\/h5>\n<\/div><\/div><div class=\"uavc-list-icon uavc-list-icon-wrapper ult-adjust-bottom-margin   \"><ul class=\"uavc-list\"><li><div class=\"uavc-list-content\" id=\"list-icon-wrap-8100\">\n<div class=\"uavc-list-icon  \" data-animation=\"\" data-animation-delay=\"03\" style=\"margin-right:10px;\"><div class=\"ult-just-icon-wrapper  \"><div class=\"align-icon\" style=\"text-align:center;\">\n<div class=\"aio-icon none \"  style=\"color:#ff3617;font-size:15px;display:inline-block;\">\n\t<i class=\"Defaults-map-marker\"><\/i>\n<\/div><\/div><\/div>\n<\/div><span  data-ultimate-target='#list-icon-wrap-8100 .uavc-list-desc'  data-responsive-json-new='{\"font-size\":\"\",\"line-height\":\"\"}'  class=\"uavc-list-desc ult-responsive\" style=\"\">Carrer Afores, s\/n (Cam\u00ed de Vall-llosera)<br \/>\n08550 BALENY\u00c0 (Barcelona &#8211; Spain)<\/span><\/div><\/li><li><div class=\"uavc-list-content\" id=\"list-icon-wrap-1674\">\n<div class=\"uavc-list-icon  \" data-animation=\"\" data-animation-delay=\"03\" style=\"margin-right:10px;\"><div class=\"ult-just-icon-wrapper  \"><div class=\"align-icon\" style=\"text-align:center;\">\n<div class=\"aio-icon none \"  style=\"color:#ff3617;font-size:15px;display:inline-block;\">\n\t<i class=\"Defaults-phone\"><\/i>\n<\/div><\/div><\/div>\n<\/div><span  data-ultimate-target='#list-icon-wrap-1674 .uavc-list-desc'  data-responsive-json-new='{\"font-size\":\"\",\"line-height\":\"\"}'  class=\"uavc-list-desc ult-responsive\" style=\"\"><strong>(+34) 938 898 411<\/strong><\/span><\/div><\/li><li><div class=\"uavc-list-content\" id=\"list-icon-wrap-8719\">\n<div class=\"uavc-list-icon  \" data-animation=\"\" data-animation-delay=\"03\" style=\"margin-right:10px;\"><div class=\"ult-just-icon-wrapper  \"><div class=\"align-icon\" style=\"text-align:center;\">\n<div class=\"aio-icon none \"  style=\"color:#ff3617;font-size:15px;display:inline-block;\">\n\t<i class=\"Defaults-fax\"><\/i>\n<\/div><\/div><\/div>\n<\/div><span  data-ultimate-target='#list-icon-wrap-8719 .uavc-list-desc'  data-responsive-json-new='{\"font-size\":\"\",\"line-height\":\"\"}'  class=\"uavc-list-desc ult-responsive\" style=\"\"><strong>(+34) 938 898 286<\/strong><\/span><\/div><\/li><li><div class=\"uavc-list-content\" id=\"list-icon-wrap-3728\">\n<div class=\"uavc-list-icon  \" data-animation=\"\" data-animation-delay=\"03\" style=\"margin-right:10px;\"><div class=\"ult-just-icon-wrapper  \"><div class=\"align-icon\" style=\"text-align:center;\">\n<div class=\"aio-icon none \"  style=\"color:#ff3617;font-size:15px;display:inline-block;\">\n\t<i class=\"Defaults-envelope\"><\/i>\n<\/div><\/div><\/div>\n<\/div><span  data-ultimate-target='#list-icon-wrap-3728 .uavc-list-desc'  data-responsive-json-new='{\"font-size\":\"\",\"line-height\":\"\"}'  class=\"uavc-list-desc ult-responsive\" style=\"\"><a href=\"mailto:mas@mas-office.com\"><strong>mas@mas-office.com<\/strong><\/a><\/span><\/div><\/li><\/ul><\/div>[vc_raw_html]JTNDaWZyYW1lJTIwc3JjJTNEJTIyaHR0cHMlM0ElMkYlMkZ3d3cuZ29vZ2xlLmNvbSUyRm1hcHMlMkZlbWJlZCUzRnBiJTNEJTIxMW0xOCUyMTFtMTIlMjExbTMlMjExZDI5NjcuNTEyMDgxNzQ0OTg0MiUyMTJkMi4yNTMxMzAwMTU5NTk2MTczJTIxM2Q0MS45NDYzMzQ3NjkxMTkzOTYlMjEybTMlMjExZjAlMjEyZjAlMjEzZjAlMjEzbTIlMjExaTEwMjQlMjEyaTc2OCUyMTRmMTMuMSUyMTNtMyUyMTFtMiUyMTFzMHgxMmE1MjZmYTg5NGNjYWQ3JTI1M0EweGNiYjg5MjBiOWQyYzA0NjIlMjEyc0NhcnJlciUyNTIwZGUlMjUyMFJpcG9sbCUyNTJDJTI1MjAzNSUyNTJDJTI1MjAwODUwMCUyNTIwVmljJTI1MkMlMjUyMEJhcmNlbG9uYSUyMTVlMCUyMTNtMiUyMTFzY2ElMjEyc2VzJTIxNHYxNTY5NDE5MDU4MjM3JTIxNW0yJTIxMXNjYSUyMTJzZXMlMjIlMjB3aWR0aCUzRCUyMjEwMCUyNSUyMiUyMGhlaWdodCUzRCUyMjQwMCUyMiUyMGZyYW1lYm9yZGVyJTNEJTIyMCUyMiUyMHN0eWxlJTNEJTIyYm9yZGVyJTNBMCUzQiUyMiUyMGFsbG93ZnVsbHNjcmVlbiUzRCUyMiUyMiUzRSUzQyUyRmlmcmFtZSUzRQ==[\/vc_raw_html]<div class=\"w-separator size_small\"><\/div><div class=\"wpb_text_column\"><div class=\"wpb_wrapper\"><h5><b>PLANTA DE PRODUCCI\u00d3<\/b><\/h5>\n<\/div><\/div><div class=\"uavc-list-icon uavc-list-icon-wrapper ult-adjust-bottom-margin   \"><ul class=\"uavc-list\"><li><div class=\"uavc-list-content\" id=\"list-icon-wrap-9988\">\n<div class=\"uavc-list-icon  \" data-animation=\"\" data-animation-delay=\"03\" style=\"margin-right:10px;\"><div class=\"ult-just-icon-wrapper  \"><div class=\"align-icon\" style=\"text-align:center;\">\n<div class=\"aio-icon none \"  style=\"color:#ff3617;font-size:15px;display:inline-block;\">\n\t<i class=\"Defaults-map-marker\"><\/i>\n<\/div><\/div><\/div>\n<\/div><span  data-ultimate-target='#list-icon-wrap-9988 .uavc-list-desc'  data-responsive-json-new='{\"font-size\":\"\",\"line-height\":\"\"}'  class=\"uavc-list-desc ult-responsive\" style=\"\">Carrer Ripoll, 35-37<br \/>\n08500 VIC (Barcelona &#8211; Spain)<\/span><\/div><\/li><li><div class=\"uavc-list-content\" id=\"list-icon-wrap-7290\">\n<div class=\"uavc-list-icon  \" data-animation=\"\" data-animation-delay=\"03\" style=\"margin-right:10px;\"><div class=\"ult-just-icon-wrapper  \"><div class=\"align-icon\" style=\"text-align:center;\">\n<div class=\"aio-icon none \"  style=\"color:#ff3617;font-size:15px;display:inline-block;\">\n\t<i class=\"Defaults-phone\"><\/i>\n<\/div><\/div><\/div>\n<\/div><span  data-ultimate-target='#list-icon-wrap-7290 .uavc-list-desc'  data-responsive-json-new='{\"font-size\":\"\",\"line-height\":\"\"}'  class=\"uavc-list-desc ult-responsive\" style=\"\"><strong>(+34) 938 820 099<\/strong><\/span><\/div><\/li><\/ul><\/div><\/div><\/div><\/div><\/div><\/div><\/section><section class=\"l-section wpb_row height_large\"><div class=\"l-section-h i-cf\"><div class=\"g-cols vc_row via_flex valign_top type_default stacking_default\"><div class=\"vc_col-sm-12 wpb_column vc_column_container\"><div class=\"vc_column-inner\"><div class=\"wpb_wrapper\"><div class=\"wpb_text_column\"><div class=\"wpb_wrapper\"><h2>Magatzems<\/h2>\n<\/div><\/div><div class=\"w-separator size_small\"><\/div><div class=\"g-cols wpb_row via_flex valign_top type_default stacking_default\"><div class=\"vc_col-sm-6 wpb_column vc_column_container\"><div class=\"vc_column-inner\"><div class=\"wpb_wrapper\">[vc_raw_html]JTNDaWZyYW1lJTIwc3JjJTNEJTIyaHR0cHMlM0ElMkYlMkZ3d3cuZ29vZ2xlLmNvbSUyRm1hcHMlMkZlbWJlZCUzRnBiJTNEJTIxMW0xOCUyMTFtMTIlMjExbTMlMjExZDI5NzMuNTI5OTIxOTE1MDY0MyUyMTJkMi4yMzY5MzYzMTcyNTg2MTQ1JTIxM2Q0MS44MTY4ODU5NTY0Mzk2NSUyMTJtMyUyMTFmMCUyMTJmMCUyMTNmMCUyMTNtMiUyMTFpMTAyNCUyMTJpNzY4JTIxNGYxMy4xJTIxM20zJTIxMW0yJTIxMXMweDEyYTRkYmUxOTE4Yzk2OTElMjUzQTB4NDQxZTgxNTIxYTc3ZDBkOSUyMTJzTWFzJTI1MjBPZmZpY2UlMjE1ZTAlMjEzbTIlMjExc2NhJTIxMnNlcyUyMTR2MTU2OTQxODk0MjgxMyUyMTVtMiUyMTFzY2ElMjEyc2VzJTIyJTIwd2lkdGglM0QlMjIxMDAlMjUlMjIlMjBoZWlnaHQlM0QlMjI0MDAlMjIlMjBmcmFtZWJvcmRlciUzRCUyMjAlMjIlMjBzdHlsZSUzRCUyMmJvcmRlciUzQTAlM0IlMjIlMjBhbGxvd2Z1bGxzY3JlZW4lM0QlMjIlMjIlM0UlM0MlMkZpZnJhbWUlM0U=[\/vc_raw_html]<div class=\"w-separator size_small\"><\/div><div class=\"wpb_text_column\"><div class=\"wpb_wrapper\"><h5><strong>MAGATZEM CATALUNYA<\/strong><\/h5>\n<\/div><\/div><div class=\"uavc-list-icon uavc-list-icon-wrapper ult-adjust-bottom-margin   \"><ul class=\"uavc-list\"><li><div class=\"uavc-list-content\" id=\"list-icon-wrap-5136\">\n<div class=\"uavc-list-icon  \" data-animation=\"\" data-animation-delay=\"03\" style=\"margin-right:10px;\"><div class=\"ult-just-icon-wrapper  \"><div class=\"align-icon\" style=\"text-align:center;\">\n<div class=\"aio-icon none \"  style=\"color:#ff3617;font-size:15px;display:inline-block;\">\n\t<i class=\"Defaults-map-marker\"><\/i>\n<\/div><\/div><\/div>\n<\/div><span  data-ultimate-target='#list-icon-wrap-5136 .uavc-list-desc'  data-responsive-json-new='{\"font-size\":\"\",\"line-height\":\"\"}'  class=\"uavc-list-desc ult-responsive\" style=\"\">Carrer Afores, s\/n (Cam\u00ed de Vall-llosera)<br \/>\n08550 BALENY\u00c0 (Barcelona &#8211; Spain)<\/span><\/div><\/li><\/ul><\/div><\/div><\/div><\/div><div class=\"vc_col-sm-6 wpb_column vc_column_container\"><div class=\"vc_column-inner\"><div class=\"wpb_wrapper\">[vc_raw_html]JTNDaWZyYW1lJTIwc3JjJTNEJTIyaHR0cHMlM0ElMkYlMkZ3d3cuZ29vZ2xlLmNvbSUyRm1hcHMlMkZlbWJlZCUzRnBiJTNEJTIxMW0xOCUyMTFtMTIlMjExbTMlMjExZDMxNzAuMzEyOTE4MzI4MDIlMjEyZC02LjA4NzM2MTE4NDExOTk5NiUyMTNkMzcuMzgyNDMxNDQyNDA2ODUlMjEybTMlMjExZjAlMjEyZjAlMjEzZjAlMjEzbTIlMjExaTEwMjQlMjEyaTc2OCUyMTRmMTMuMSUyMTNtMyUyMTFtMiUyMTFzMHhkMTIxMzQzZWE5YTRlOGYlMjUzQTB4ZDEzNDUyZTBhYTI4ZTViMCUyMTJzQ2FsbGUlMjUyMEElMjUyQyUyNTIwNSUyNTJDJTI1MjA0MTk2MCUyNTIwR2luZXMlMjUyQyUyNTIwU2V2aWxsYSUyMTVlMCUyMTNtMiUyMTFzY2ElMjEyc2VzJTIxNHYxNTY5NDE5MjY5ODQxJTIxNW0yJTIxMXNjYSUyMTJzZXMlMjIlMjB3aWR0aCUzRCUyMjEwMCUyNSUyMiUyMGhlaWdodCUzRCUyMjQwMCUyMiUyMGZyYW1lYm9yZGVyJTNEJTIyMCUyMiUyMHN0eWxlJTNEJTIyYm9yZGVyJTNBMCUzQiUyMiUyMGFsbG93ZnVsbHNjcmVlbiUzRCUyMiUyMiUzRSUzQyUyRmlmcmFtZSUzRQ==[\/vc_raw_html]<div class=\"w-separator size_small\"><\/div><div class=\"wpb_text_column\"><div class=\"wpb_wrapper\"><h5><strong>MAGATZEM<\/strong><strong>\u00a0ANDALUSIA<\/strong><\/h5>\n<\/div><\/div><div class=\"uavc-list-icon uavc-list-icon-wrapper ult-adjust-bottom-margin   \"><ul class=\"uavc-list\"><li><div class=\"uavc-list-content\" id=\"list-icon-wrap-9177\">\n<div class=\"uavc-list-icon  \" data-animation=\"\" data-animation-delay=\"03\" style=\"margin-right:10px;\"><div class=\"ult-just-icon-wrapper  \"><div class=\"align-icon\" style=\"text-align:center;\">\n<div class=\"aio-icon none \"  style=\"color:#ff3617;font-size:15px;display:inline-block;\">\n\t<i class=\"Defaults-map-marker\"><\/i>\n<\/div><\/div><\/div>\n<\/div><span  data-ultimate-target='#list-icon-wrap-9177 .uavc-list-desc'  data-responsive-json-new='{\"font-size\":\"\",\"line-height\":\"\"}'  class=\"uavc-list-desc ult-responsive\" style=\"\">Calle A, Nave 5<br \/>\n41960 GINES (Sevilla &#8211; Spain)<\/span><\/div><\/li><\/ul><\/div><\/div><\/div><\/div><\/div><\/div><\/div><\/div><\/div><\/div><\/section>","protected":false},"excerpt":{"rendered":"Contacti\u00a0amb nosaltres Sector *&#8212;Por favor, elige una opci\u00f3n&#8212;FerreteriaDistribu\u00efdor oficinesInstal\u00b7lacions esportivesAdministraci\u00f3ArquitecturaInteriorismeContractVenda cat\u00e0legsCampingAltres He llegit i accepto l'Av\u00eds Legal i la Pol\u00edtica de Privacitat. Accepto l'enviament de novetats comercials i\/o noves promocions dels seus productes i serveis. * Camps obligatoris &#916; On som [vc_raw_html]JTNDaWZyYW1lJTIwc3JjJTNEJTIyaHR0cHMlM0ElMkYlMkZ3d3cuZ29vZ2xlLmNvbSUyRm1hcHMlMkZlbWJlZCUzRnBiJTNEJTIxMW0xOCUyMTFtMTIlMjExbTMlMjExZDI5NzMuNTI5OTIxOTE1MDY0MyUyMTJkMi4yMzY5MzYzMTcyNTg2MTQ1JTIxM2Q0MS44MTY4ODU5NTY0Mzk2NSUyMTJtMyUyMTFmMCUyMTJmMCUyMTNmMCUyMTNtMiUyMTFpMTAyNCUyMTJpNzY4JTIxNGYxMy4xJTIxM20zJTIxMW0yJTIxMXMweDEyYTRkYmUxOTE4Yzk2OTElMjUzQTB4NDQxZTgxNTIxYTc3ZDBkOSUyMTJzTWFzJTI1MjBPZmZpY2UlMjE1ZTAlMjEzbTIlMjExc2NhJTIxMnNlcyUyMTR2MTU2OTQxODk0MjgxMyUyMTVtMiUyMTFzY2ElMjEyc2VzJTIyJTIwd2lkdGglM0QlMjIxMDAlMjUlMjIlMjBoZWlnaHQlM0QlMjI0MDAlMjIlMjBmcmFtZWJvcmRlciUzRCUyMjAlMjIlMjBzdHlsZSUzRCUyMmJvcmRlciUzQTAlM0IlMjIlMjBhbGxvd2Z1bGxzY3JlZW4lM0QlMjIlMjIlM0UlM0MlMkZpZnJhbWUlM0U=[\/vc_raw_html]OFICINA CENTRAL I PLANTA DE PRODUCCI\u00d3 Carrer Afores, s\/n (Cam\u00ed de Vall-llosera) 08550 BALENY\u00c0...","protected":false},"author":1,"featured_media":0,"parent":0,"menu_order":29,"comment_status":"closed","ping_status":"closed","template":"","meta":{"footnotes":""},"class_list":["post-16","page","type-page","status-publish","hentry"],"_links":{"self":[{"href":"https:\/\/www.mas-office.com\/ca\/wp-json\/wp\/v2\/pages\/16","targetHints":{"allow":["GET"]}}],"collection":[{"href":"https:\/\/www.mas-office.com\/ca\/wp-json\/wp\/v2\/pages"}],"about":[{"href":"https:\/\/www.mas-office.com\/ca\/wp-json\/wp\/v2\/types\/page"}],"author":[{"embeddable":true,"href":"https:\/\/www.mas-office.com\/ca\/wp-json\/wp\/v2\/users\/1"}],"replies":[{"embeddable":true,"href":"https:\/\/www.mas-office.com\/ca\/wp-json\/wp\/v2\/comments?post=16"}],"version-history":[{"count":27,"href":"https:\/\/www.mas-office.com\/ca\/wp-json\/wp\/v2\/pages\/16\/revisions"}],"predecessor-version":[{"id":19227,"href":"https:\/\/www.mas-office.com\/ca\/wp-json\/wp\/v2\/pages\/16\/revisions\/19227"}],"wp:attachment":[{"href":"https:\/\/www.mas-office.com\/ca\/wp-json\/wp\/v2\/media?parent=16"}],"curies":[{"name":"wp","href":"https:\/\/api.w.org\/{rel}","templated":true}]}}